{"id":106,"date":"2022-02-11T18:48:32","date_gmt":"2022-02-11T18:48:32","guid":{"rendered":"http:\/\/klosterkirche-hirschhorn.de\/?page_id=106"},"modified":"2023-09-13T08:57:56","modified_gmt":"2023-09-13T08:57:56","slug":"karmel-abend","status":"publish","type":"page","link":"https:\/\/klosterkirche-hirschhorn.de\/?page_id=106","title":{"rendered":"KarmelAbende"},"content":{"rendered":"\n<p class=\"has-small-font-size\">Gerade richtig an einem tr\u00fcben Winterabend: Die Karmel-Konzerte. <br>Als Gast im Kloster d\u00fcrfen wir den Kapitelsaal benutzen, in dem die Karmeliterm\u00f6nche jeden Morgen Ihr Laudes-Gebet abhalten. Daf\u00fcr sind wir sehr dankbar. Denn ein solches Ambiente gibt es nur einmal.<\/p>\n\n\n\n<p class=\"has-small-font-size\">Es hat die intime Atmosph\u00e4re eines Kammerkonzerts. Die Lichttechnik von Manfred K\u00f6nig sorgt f\u00fcr die richtige Stimmung und wenn das Programm noch Klaviermusik vorsieht, schnellt beim Publikum die Vorfreude nochmal in die H\u00f6he. Denn der mehr als 110 Jahre alte Bechsteinfl\u00fcgel wurde aufwendig restauriert und fachm\u00e4nnisch \u00fcberholt. Unabh\u00e4ngig davon, ob Klassik oder Jazz&nbsp; \u2013 der Raum f\u00fcllt sich mit dem sch\u00f6nsten Klang bis in die letzte Ritze. Als seien Raum und Sound f\u00fcr einander bestimmt.<\/p>\n\n\n\n<p class=\"has-small-font-size\"><strong>KarmelAbende finden einmal im Monat (au\u00dfer Dezember) sonntags ab 17 Uhr statt. <br><\/strong><\/p>\n\n\n\n<p class=\"has-small-font-size\"><strong>Der Eintritt ist frei. Spenden sind willkommen!<\/strong><\/p>\n\n\n\n<p class=\"has-small-font-size\">Im Hinblick auf die limitierte Platzzahl bitten wir um Anmeldung an <strong>klosterkonzerte@gmx.de<\/strong><\/p>\n\n\n\n<p class=\"has-small-font-size\">\u00dcbrigens: Alle Konzerte werden <strong>live gestreamt<\/strong> und k\u00f6nnen <strong>weltweit online verfolgt<\/strong> werden. Wenn Sie \u2013 wo immer Sie sind \u2013 auf diesem Wege dabei sein wollen, gehen Sie einfach online auf <strong>www.ceol.studio<\/strong> und <strong>folgen dann den Hinweisen zum AusKlang-Konzert.<\/strong><\/p>\n\n\n\n<p class=\"has-small-font-size\">Hier ein paar Impressionen:<\/p>\n\n\n\n<figure class=\"wp-block-gallery has-nested-images columns-default is-cropped wp-block-gallery-1 is-layout-flex wp-block-gallery-is-layout-flex\">\n<figure class=\"wp-block-image size-large\"><img loading=\"lazy\" decoding=\"async\" width=\"1600\" height=\"1067\" data-id=\"136\" src=\"http:\/\/klosterkirche-hirschhorn.de\/wp-content\/uploads\/2022\/02\/P1400831.jpg\" alt=\"\" class=\"wp-image-136\" srcset=\"https:\/\/klosterkirche-hirschhorn.de\/wp-content\/uploads\/2022\/02\/P1400831.jpg 1600w, https:\/\/klosterkirche-hirschhorn.de\/wp-content\/uploads\/2022\/02\/P1400831-300x200.jpg 300w, https:\/\/klosterkirche-hirschhorn.de\/wp-content\/uploads\/2022\/02\/P1400831-1024x683.jpg 1024w, https:\/\/klosterkirche-hirschhorn.de\/wp-content\/uploads\/2022\/02\/P1400831-768x512.jpg 768w, https:\/\/klosterkirche-hirschhorn.de\/wp-content\/uploads\/2022\/02\/P1400831-1536x1024.jpg 1536w\" sizes=\"auto, (max-width: 1600px) 100vw, 1600px\" \/><\/figure>\n\n\n\n<figure class=\"wp-block-image size-large\"><img loading=\"lazy\" decoding=\"async\" width=\"1600\" height=\"1067\" data-id=\"135\" src=\"http:\/\/klosterkirche-hirschhorn.de\/wp-content\/uploads\/2022\/02\/P1430943.jpg\" alt=\"\" class=\"wp-image-135\" srcset=\"https:\/\/klosterkirche-hirschhorn.de\/wp-content\/uploads\/2022\/02\/P1430943.jpg 1600w, https:\/\/klosterkirche-hirschhorn.de\/wp-content\/uploads\/2022\/02\/P1430943-300x200.jpg 300w, https:\/\/klosterkirche-hirschhorn.de\/wp-content\/uploads\/2022\/02\/P1430943-1024x683.jpg 1024w, https:\/\/klosterkirche-hirschhorn.de\/wp-content\/uploads\/2022\/02\/P1430943-768x512.jpg 768w, https:\/\/klosterkirche-hirschhorn.de\/wp-content\/uploads\/2022\/02\/P1430943-1536x1024.jpg 1536w\" sizes=\"auto, (max-width: 1600px) 100vw, 1600px\" \/><\/figure>\n<\/figure>\n\n\n\n<figure class=\"wp-block-gallery has-nested-images columns-default is-cropped wp-block-gallery-2 is-layout-flex wp-block-gallery-is-layout-flex\">\n<figure class=\"wp-block-image size-large\"><img loading=\"lazy\" decoding=\"async\" width=\"1600\" height=\"1067\" data-id=\"134\" src=\"http:\/\/klosterkirche-hirschhorn.de\/wp-content\/uploads\/2022\/02\/P1490758.jpg\" alt=\"\" class=\"wp-image-134\" srcset=\"https:\/\/klosterkirche-hirschhorn.de\/wp-content\/uploads\/2022\/02\/P1490758.jpg 1600w, https:\/\/klosterkirche-hirschhorn.de\/wp-content\/uploads\/2022\/02\/P1490758-300x200.jpg 300w, https:\/\/klosterkirche-hirschhorn.de\/wp-content\/uploads\/2022\/02\/P1490758-1024x683.jpg 1024w, https:\/\/klosterkirche-hirschhorn.de\/wp-content\/uploads\/2022\/02\/P1490758-768x512.jpg 768w, https:\/\/klosterkirche-hirschhorn.de\/wp-content\/uploads\/2022\/02\/P1490758-1536x1024.jpg 1536w\" sizes=\"auto, (max-width: 1600px) 100vw, 1600px\" \/><\/figure>\n\n\n\n<figure class=\"wp-block-image size-large\"><img loading=\"lazy\" decoding=\"async\" width=\"1600\" height=\"1067\" data-id=\"130\" src=\"http:\/\/klosterkirche-hirschhorn.de\/wp-content\/uploads\/2022\/02\/P1490763.jpg\" alt=\"\" class=\"wp-image-130\" srcset=\"https:\/\/klosterkirche-hirschhorn.de\/wp-content\/uploads\/2022\/02\/P1490763.jpg 1600w, https:\/\/klosterkirche-hirschhorn.de\/wp-content\/uploads\/2022\/02\/P1490763-300x200.jpg 300w, https:\/\/klosterkirche-hirschhorn.de\/wp-content\/uploads\/2022\/02\/P1490763-1024x683.jpg 1024w, https:\/\/klosterkirche-hirschhorn.de\/wp-content\/uploads\/2022\/02\/P1490763-768x512.jpg 768w, https:\/\/klosterkirche-hirschhorn.de\/wp-content\/uploads\/2022\/02\/P1490763-1536x1024.jpg 1536w\" sizes=\"auto, (max-width: 1600px) 100vw, 1600px\" \/><\/figure>\n\n\n\n<figure class=\"wp-block-image size-large\"><img loading=\"lazy\" decoding=\"async\" width=\"1600\" height=\"1067\" data-id=\"126\" src=\"http:\/\/klosterkirche-hirschhorn.de\/wp-content\/uploads\/2022\/02\/P1490767.jpg\" alt=\"\" class=\"wp-image-126\" srcset=\"https:\/\/klosterkirche-hirschhorn.de\/wp-content\/uploads\/2022\/02\/P1490767.jpg 1600w, https:\/\/klosterkirche-hirschhorn.de\/wp-content\/uploads\/2022\/02\/P1490767-300x200.jpg 300w, https:\/\/klosterkirche-hirschhorn.de\/wp-content\/uploads\/2022\/02\/P1490767-1024x683.jpg 1024w, https:\/\/klosterkirche-hirschhorn.de\/wp-content\/uploads\/2022\/02\/P1490767-768x512.jpg 768w, https:\/\/klosterkirche-hirschhorn.de\/wp-content\/uploads\/2022\/02\/P1490767-1536x1024.jpg 1536w\" sizes=\"auto, (max-width: 1600px) 100vw, 1600px\" \/><\/figure>\n\n\n\n<figure class=\"wp-block-image size-large\"><img loading=\"lazy\" decoding=\"async\" width=\"1600\" height=\"1067\" data-id=\"125\" src=\"http:\/\/klosterkirche-hirschhorn.de\/wp-content\/uploads\/2022\/02\/P1490768.jpg\" alt=\"\" class=\"wp-image-125\" srcset=\"https:\/\/klosterkirche-hirschhorn.de\/wp-content\/uploads\/2022\/02\/P1490768.jpg 1600w, https:\/\/klosterkirche-hirschhorn.de\/wp-content\/uploads\/2022\/02\/P1490768-300x200.jpg 300w, https:\/\/klosterkirche-hirschhorn.de\/wp-content\/uploads\/2022\/02\/P1490768-1024x683.jpg 1024w, https:\/\/klosterkirche-hirschhorn.de\/wp-content\/uploads\/2022\/02\/P1490768-768x512.jpg 768w, https:\/\/klosterkirche-hirschhorn.de\/wp-content\/uploads\/2022\/02\/P1490768-1536x1024.jpg 1536w\" sizes=\"auto, (max-width: 1600px) 100vw, 1600px\" \/><\/figure>\n\n\n\n<figure class=\"wp-block-image size-large\"><img loading=\"lazy\" decoding=\"async\" width=\"1600\" height=\"1067\" data-id=\"110\" src=\"http:\/\/klosterkirche-hirschhorn.de\/wp-content\/uploads\/2022\/02\/P1490788.jpg\" alt=\"\" class=\"wp-image-110\" srcset=\"https:\/\/klosterkirche-hirschhorn.de\/wp-content\/uploads\/2022\/02\/P1490788.jpg 1600w, https:\/\/klosterkirche-hirschhorn.de\/wp-content\/uploads\/2022\/02\/P1490788-300x200.jpg 300w, https:\/\/klosterkirche-hirschhorn.de\/wp-content\/uploads\/2022\/02\/P1490788-1024x683.jpg 1024w, https:\/\/klosterkirche-hirschhorn.de\/wp-content\/uploads\/2022\/02\/P1490788-768x512.jpg 768w, https:\/\/klosterkirche-hirschhorn.de\/wp-content\/uploads\/2022\/02\/P1490788-1536x1024.jpg 1536w\" sizes=\"auto, (max-width: 1600px) 100vw, 1600px\" \/><\/figure>\n\n\n\n<figure class=\"wp-block-image size-large\"><img loading=\"lazy\" decoding=\"async\" width=\"1600\" height=\"1067\" data-id=\"115\" src=\"http:\/\/klosterkirche-hirschhorn.de\/wp-content\/uploads\/2022\/02\/P1490780.jpg\" alt=\"\" class=\"wp-image-115\" srcset=\"https:\/\/klosterkirche-hirschhorn.de\/wp-content\/uploads\/2022\/02\/P1490780.jpg 1600w, https:\/\/klosterkirche-hirschhorn.de\/wp-content\/uploads\/2022\/02\/P1490780-300x200.jpg 300w, https:\/\/klosterkirche-hirschhorn.de\/wp-content\/uploads\/2022\/02\/P1490780-1024x683.jpg 1024w, https:\/\/klosterkirche-hirschhorn.de\/wp-content\/uploads\/2022\/02\/P1490780-768x512.jpg 768w, https:\/\/klosterkirche-hirschhorn.de\/wp-content\/uploads\/2022\/02\/P1490780-1536x1024.jpg 1536w\" sizes=\"auto, (max-width: 1600px) 100vw, 1600px\" \/><\/figure>\n\n\n\n<figure class=\"wp-block-image size-large\"><img loading=\"lazy\" decoding=\"async\" width=\"1600\" height=\"1067\" data-id=\"109\" src=\"http:\/\/klosterkirche-hirschhorn.de\/wp-content\/uploads\/2022\/02\/P1490789.jpg\" alt=\"\" class=\"wp-image-109\" srcset=\"https:\/\/klosterkirche-hirschhorn.de\/wp-content\/uploads\/2022\/02\/P1490789.jpg 1600w, https:\/\/klosterkirche-hirschhorn.de\/wp-content\/uploads\/2022\/02\/P1490789-300x200.jpg 300w, https:\/\/klosterkirche-hirschhorn.de\/wp-content\/uploads\/2022\/02\/P1490789-1024x683.jpg 1024w, https:\/\/klosterkirche-hirschhorn.de\/wp-content\/uploads\/2022\/02\/P1490789-768x512.jpg 768w, https:\/\/klosterkirche-hirschhorn.de\/wp-content\/uploads\/2022\/02\/P1490789-1536x1024.jpg 1536w\" sizes=\"auto, (max-width: 1600px) 100vw, 1600px\" \/><\/figure>\n\n\n\n<figure class=\"wp-block-image size-large\"><img loading=\"lazy\" decoding=\"async\" width=\"1600\" height=\"1067\" data-id=\"122\" src=\"http:\/\/klosterkirche-hirschhorn.de\/wp-content\/uploads\/2022\/02\/P1490771.jpg\" alt=\"\" class=\"wp-image-122\" srcset=\"https:\/\/klosterkirche-hirschhorn.de\/wp-content\/uploads\/2022\/02\/P1490771.jpg 1600w, https:\/\/klosterkirche-hirschhorn.de\/wp-content\/uploads\/2022\/02\/P1490771-300x200.jpg 300w, https:\/\/klosterkirche-hirschhorn.de\/wp-content\/uploads\/2022\/02\/P1490771-1024x683.jpg 1024w, https:\/\/klosterkirche-hirschhorn.de\/wp-content\/uploads\/2022\/02\/P1490771-768x512.jpg 768w, https:\/\/klosterkirche-hirschhorn.de\/wp-content\/uploads\/2022\/02\/P1490771-1536x1024.jpg 1536w\" sizes=\"auto, (max-width: 1600px) 100vw, 1600px\" \/><\/figure>\n<\/figure>\n","protected":false},"excerpt":{"rendered":"<p>Gerade richtig an einem tr\u00fcben Winterabend: Die Karmel-Konzerte. Als Gast im Kloster d\u00fcrfen wir den Kapitelsaal benutzen, in dem die Karmeliterm\u00f6nche jeden Morgen Ihr Laudes-Gebet abhalten. Daf\u00fcr sind wir sehr &hellip; <a href=\"https:\/\/klosterkirche-hirschhorn.de\/?page_id=106\" class=\"more-link\"><span class=\"screen-reader-text\">KarmelAbende<\/span> weiterlesen<\/a><\/p>\n","protected":false},"author":1,"featured_media":0,"parent":0,"menu_order":0,"comment_status":"closed","ping_status":"closed","template":"","meta":{"_EventAllDay":false,"_EventTimezone":"","_EventStartDate":"","_EventEndDate":"","_EventStartDateUTC":"","_EventEndDateUTC":"","_EventShowMap":false,"_EventShowMapLink":false,"_EventURL":"","_EventCost":"","_EventCostDescription":"","_EventCurrencySymbol":"","_EventCurrencyCode":"","_EventCurrencyPosition":"","_EventDateTimeSeparator":"","_EventTimeRangeSeparator":"","_EventOrganizerID":[],"_EventVenueID":[],"_OrganizerEmail":"","_OrganizerPhone":"","_OrganizerWebsite":"","_VenueAddress":"","_VenueCity":"","_VenueCountry":"","_VenueProvince":"","_VenueState":"","_VenueZip":"","_VenuePhone":"","_VenueURL":"","_VenueStateProvince":"","_VenueLat":"","_VenueLng":"","_VenueShowMap":false,"_VenueShowMapLink":false,"footnotes":""},"class_list":["post-106","page","type-page","status-publish","hentry"],"amp_enabled":true,"_links":{"self":[{"href":"https:\/\/klosterkirche-hirschhorn.de\/index.php?rest_route=\/wp\/v2\/pages\/106","targetHints":{"allow":["GET"]}}],"collection":[{"href":"https:\/\/klosterkirche-hirschhorn.de\/index.php?rest_route=\/wp\/v2\/pages"}],"about":[{"href":"https:\/\/klosterkirche-hirschhorn.de\/index.php?rest_route=\/wp\/v2\/types\/page"}],"author":[{"embeddable":true,"href":"https:\/\/klosterkirche-hirschhorn.de\/index.php?rest_route=\/wp\/v2\/users\/1"}],"replies":[{"embeddable":true,"href":"https:\/\/klosterkirche-hirschhorn.de\/index.php?rest_route=%2Fwp%2Fv2%2Fcomments&post=106"}],"version-history":[{"count":0,"href":"https:\/\/klosterkirche-hirschhorn.de\/index.php?rest_route=\/wp\/v2\/pages\/106\/revisions"}],"wp:attachment":[{"href":"https:\/\/klosterkirche-hirschhorn.de\/index.php?rest_route=%2Fwp%2Fv2%2Fmedia&parent=106"}],"curies":[{"name":"wp","href":"https:\/\/api.w.org\/{rel}","templated":true}]}}