{"id":17,"date":"2022-02-10T18:36:33","date_gmt":"2022-02-10T18:36:33","guid":{"rendered":"http:\/\/klosterkirche-hirschhorn.de\/?page_id=17"},"modified":"2024-04-03T09:39:24","modified_gmt":"2024-04-03T09:39:24","slug":"klosterkirche","status":"publish","type":"page","link":"https:\/\/klosterkirche-hirschhorn.de\/?page_id=17","title":{"rendered":"Klosterkirche Hirschhorn \u2013 seit 1406"},"content":{"rendered":"\n<h3 class=\"wp-block-heading\"> Wie Kirche und Kloster die Geschichte \u00fcberlebten<\/h3>\n\n\n\n<div class=\"wp-block-columns is-layout-flex wp-container-core-columns-is-layout-9d6595d7 wp-block-columns-is-layout-flex\">\n<div class=\"wp-block-column is-layout-flow wp-block-column-is-layout-flow\">\n<figure class=\"wp-block-image size-full\"><img loading=\"lazy\" decoding=\"async\" width=\"800\" height=\"600\" src=\"http:\/\/klosterkirche-hirschhorn.de\/wp-content\/uploads\/2022\/02\/Hirschhorn-klosterkirche-web-7.jpeg\" alt=\"\" class=\"wp-image-53\" srcset=\"https:\/\/klosterkirche-hirschhorn.de\/wp-content\/uploads\/2022\/02\/Hirschhorn-klosterkirche-web-7.jpeg 800w, https:\/\/klosterkirche-hirschhorn.de\/wp-content\/uploads\/2022\/02\/Hirschhorn-klosterkirche-web-7-300x225.jpeg 300w, https:\/\/klosterkirche-hirschhorn.de\/wp-content\/uploads\/2022\/02\/Hirschhorn-klosterkirche-web-7-768x576.jpeg 768w\" sizes=\"auto, (max-width: 800px) 100vw, 800px\" \/><figcaption class=\"wp-element-caption\">Klosterkiche Hirschhorn mit Blick auf die Neckarschleife<\/figcaption><\/figure>\n<\/div>\n<\/div>\n\n\n\n<div class=\"wp-block-columns is-layout-flex wp-container-core-columns-is-layout-9d6595d7 wp-block-columns-is-layout-flex\">\n<div class=\"wp-block-column is-layout-flow wp-block-column-is-layout-flow\" style=\"flex-basis:33.33%\">\n<figure class=\"wp-block-image size-full\"><img loading=\"lazy\" decoding=\"async\" width=\"600\" height=\"885\" src=\"http:\/\/klosterkirche-hirschhorn.de\/wp-content\/uploads\/2022\/02\/Hirschhorn-klosterkirche-Chro-mit-Altar.jpg\" alt=\"\" class=\"wp-image-55\" srcset=\"https:\/\/klosterkirche-hirschhorn.de\/wp-content\/uploads\/2022\/02\/Hirschhorn-klosterkirche-Chro-mit-Altar.jpg 600w, https:\/\/klosterkirche-hirschhorn.de\/wp-content\/uploads\/2022\/02\/Hirschhorn-klosterkirche-Chro-mit-Altar-203x300.jpg 203w\" sizes=\"auto, (max-width: 600px) 100vw, 600px\" \/><figcaption class=\"wp-element-caption\">Chor mit Altar<\/figcaption><\/figure>\n\n\n\n<figure class=\"wp-block-image size-full is-resized\"><img loading=\"lazy\" decoding=\"async\" width=\"450\" height=\"650\" src=\"http:\/\/klosterkirche-hirschhorn.de\/wp-content\/uploads\/2022\/02\/Hirschhorn-klosterkirche18-web-1.jpg\" alt=\"\" class=\"wp-image-49\" style=\"width:220px;height:317px\" srcset=\"https:\/\/klosterkirche-hirschhorn.de\/wp-content\/uploads\/2022\/02\/Hirschhorn-klosterkirche18-web-1.jpg 450w, https:\/\/klosterkirche-hirschhorn.de\/wp-content\/uploads\/2022\/02\/Hirschhorn-klosterkirche18-web-1-208x300.jpg 208w\" sizes=\"auto, (max-width: 450px) 100vw, 450px\" \/><figcaption class=\"wp-element-caption\">Epitaph Melchior von Hirschhorn und Kunigunde von Oberstein<\/figcaption><\/figure>\n\n\n\n<figure class=\"wp-block-image size-large\"><img loading=\"lazy\" decoding=\"async\" width=\"1024\" height=\"726\" src=\"http:\/\/klosterkirche-hirschhorn.de\/wp-content\/uploads\/2022\/02\/1280px-Hirschhorn_Neckar_-_Klosterkirche_-_Innenansicht_aus_Su\u0308d-Ecke-1024x726.jpg\" alt=\"\" class=\"wp-image-51\" srcset=\"https:\/\/klosterkirche-hirschhorn.de\/wp-content\/uploads\/2022\/02\/1280px-Hirschhorn_Neckar_-_Klosterkirche_-_Innenansicht_aus_Su\u0308d-Ecke-1024x726.jpg 1024w, https:\/\/klosterkirche-hirschhorn.de\/wp-content\/uploads\/2022\/02\/1280px-Hirschhorn_Neckar_-_Klosterkirche_-_Innenansicht_aus_Su\u0308d-Ecke-300x213.jpg 300w, https:\/\/klosterkirche-hirschhorn.de\/wp-content\/uploads\/2022\/02\/1280px-Hirschhorn_Neckar_-_Klosterkirche_-_Innenansicht_aus_Su\u0308d-Ecke-768x544.jpg 768w, https:\/\/klosterkirche-hirschhorn.de\/wp-content\/uploads\/2022\/02\/1280px-Hirschhorn_Neckar_-_Klosterkirche_-_Innenansicht_aus_Su\u0308d-Ecke.jpg 1280w\" sizes=\"auto, (max-width: 1024px) 100vw, 1024px\" \/><figcaption class=\"wp-element-caption\">Blick in die Klosterkirche<\/figcaption><\/figure>\n\n\n\n<figure class=\"wp-block-image size-full\"><img loading=\"lazy\" decoding=\"async\" width=\"800\" height=\"600\" src=\"http:\/\/klosterkirche-hirschhorn.de\/wp-content\/uploads\/2022\/02\/Hirschhorn-klosterkirche6-web.jpg\" alt=\"\" class=\"wp-image-50\" srcset=\"https:\/\/klosterkirche-hirschhorn.de\/wp-content\/uploads\/2022\/02\/Hirschhorn-klosterkirche6-web.jpg 800w, https:\/\/klosterkirche-hirschhorn.de\/wp-content\/uploads\/2022\/02\/Hirschhorn-klosterkirche6-web-300x225.jpg 300w, https:\/\/klosterkirche-hirschhorn.de\/wp-content\/uploads\/2022\/02\/Hirschhorn-klosterkirche6-web-768x576.jpg 768w\" sizes=\"auto, (max-width: 800px) 100vw, 800px\" \/><figcaption class=\"wp-element-caption\">Wendeltreppe zur Orgel<\/figcaption><\/figure>\n\n\n\n<figure class=\"wp-block-image size-large is-resized\"><img loading=\"lazy\" decoding=\"async\" width=\"1024\" height=\"683\" src=\"http:\/\/klosterkirche-hirschhorn.de\/wp-content\/uploads\/2022\/02\/P1450985-1024x683.jpg\" alt=\"\" class=\"wp-image-52\" style=\"width:219px;height:146px\" srcset=\"https:\/\/klosterkirche-hirschhorn.de\/wp-content\/uploads\/2022\/02\/P1450985-1024x683.jpg 1024w, https:\/\/klosterkirche-hirschhorn.de\/wp-content\/uploads\/2022\/02\/P1450985-300x200.jpg 300w, https:\/\/klosterkirche-hirschhorn.de\/wp-content\/uploads\/2022\/02\/P1450985-768x512.jpg 768w, https:\/\/klosterkirche-hirschhorn.de\/wp-content\/uploads\/2022\/02\/P1450985.jpg 1200w\" sizes=\"auto, (max-width: 1024px) 100vw, 1024px\" \/><figcaption class=\"wp-element-caption\">Klosterkirche mit Anna-Kapelle<\/figcaption><\/figure>\n\n\n\n<figure class=\"wp-block-image size-large\"><img loading=\"lazy\" decoding=\"async\" width=\"683\" height=\"1024\" src=\"http:\/\/klosterkirche-hirschhorn.de\/wp-content\/uploads\/2022\/02\/P1430731-683x1024.jpg\" alt=\"\" class=\"wp-image-59\" srcset=\"https:\/\/klosterkirche-hirschhorn.de\/wp-content\/uploads\/2022\/02\/P1430731-683x1024.jpg 683w, https:\/\/klosterkirche-hirschhorn.de\/wp-content\/uploads\/2022\/02\/P1430731-200x300.jpg 200w, https:\/\/klosterkirche-hirschhorn.de\/wp-content\/uploads\/2022\/02\/P1430731-768x1152.jpg 768w, https:\/\/klosterkirche-hirschhorn.de\/wp-content\/uploads\/2022\/02\/P1430731-1024x1536.jpg 1024w, https:\/\/klosterkirche-hirschhorn.de\/wp-content\/uploads\/2022\/02\/P1430731.jpg 1067w\" sizes=\"auto, (max-width: 683px) 100vw, 683px\" \/><figcaption class=\"wp-element-caption\">Eines von vielen Fresken<\/figcaption><\/figure>\n\n\n\n<figure class=\"wp-block-image size-large\"><img loading=\"lazy\" decoding=\"async\" width=\"1024\" height=\"723\" src=\"http:\/\/klosterkirche-hirschhorn.de\/wp-content\/uploads\/2022\/02\/Hirschhorn_Neckar_-_Klosterkirche_-_St.-Anna-Kapelle_-_Gewo\u0308be-1-1024x723.jpg\" alt=\"\" class=\"wp-image-57\" srcset=\"https:\/\/klosterkirche-hirschhorn.de\/wp-content\/uploads\/2022\/02\/Hirschhorn_Neckar_-_Klosterkirche_-_St.-Anna-Kapelle_-_Gewo\u0308be-1-1024x723.jpg 1024w, https:\/\/klosterkirche-hirschhorn.de\/wp-content\/uploads\/2022\/02\/Hirschhorn_Neckar_-_Klosterkirche_-_St.-Anna-Kapelle_-_Gewo\u0308be-1-300x212.jpg 300w, https:\/\/klosterkirche-hirschhorn.de\/wp-content\/uploads\/2022\/02\/Hirschhorn_Neckar_-_Klosterkirche_-_St.-Anna-Kapelle_-_Gewo\u0308be-1-768x542.jpg 768w, https:\/\/klosterkirche-hirschhorn.de\/wp-content\/uploads\/2022\/02\/Hirschhorn_Neckar_-_Klosterkirche_-_St.-Anna-Kapelle_-_Gewo\u0308be-1-1536x1084.jpg 1536w, https:\/\/klosterkirche-hirschhorn.de\/wp-content\/uploads\/2022\/02\/Hirschhorn_Neckar_-_Klosterkirche_-_St.-Anna-Kapelle_-_Gewo\u0308be-1-2048x1445.jpg 2048w\" sizes=\"auto, (max-width: 1024px) 100vw, 1024px\" \/><figcaption class=\"wp-element-caption\">Decken-Netzgew\u00f6lbe<\/figcaption><\/figure>\n\n\n\n<figure class=\"wp-block-image size-large is-resized\"><img loading=\"lazy\" decoding=\"async\" width=\"1024\" height=\"576\" src=\"http:\/\/klosterkirche-hirschhorn.de\/wp-content\/uploads\/2022\/02\/image-5-1024x576.jpg\" alt=\"\" class=\"wp-image-58\" style=\"width:221px;height:124px\" srcset=\"https:\/\/klosterkirche-hirschhorn.de\/wp-content\/uploads\/2022\/02\/image-5-1024x576.jpg 1024w, https:\/\/klosterkirche-hirschhorn.de\/wp-content\/uploads\/2022\/02\/image-5-300x169.jpg 300w, https:\/\/klosterkirche-hirschhorn.de\/wp-content\/uploads\/2022\/02\/image-5-768x432.jpg 768w, https:\/\/klosterkirche-hirschhorn.de\/wp-content\/uploads\/2022\/02\/image-5-1536x864.jpg 1536w, https:\/\/klosterkirche-hirschhorn.de\/wp-content\/uploads\/2022\/02\/image-5.jpg 1600w\" sizes=\"auto, (max-width: 1024px) 100vw, 1024px\" \/><figcaption class=\"wp-element-caption\">Die Orgel seit 1955 vor Ort<\/figcaption><\/figure>\n<\/div>\n\n\n\n<div class=\"wp-block-column is-layout-flow wp-block-column-is-layout-flow\" style=\"flex-basis:66.66%\">\n<p style=\"text-align: left;\">Die Klosterkirche Hirschhorn ist ein echtes kunsthistorisches, sp\u00e4tgotisches Kleinod im Neckartal mit Sitz direkt unterhalb der Burg Hirschhorn. Gestiftet wurden die Kirche und das dazugeh\u00f6rige Kloster im Jahr 1406 von Ritter Hans V. von Hirschhorn, seiner zweiten Frau Iland von Dhaun und seinen Br\u00fcdern Conrad und Eberhard. Conrad von Hirschhorn war zu dieser Zeit Domherr in Mainz bzw. Speyer und, so vermutet man, die treibende Kraft hinter der Klostergr\u00fcndung. Ritter Hans V. bestimmte, dass auch seine Nachkommen vor Antritt ihrer Herrschaft sich schriftlich per Eid zu verpflichten, das Kloster und seine Personen zu sch\u00fctzen.<\/p>\n<p>1511 wurde an der S\u00fcdseite des Langhauses der Kirche ein Anbau erg\u00e4nzt, der 1515 zur St.-Anna-Kapelle ausgestaltet wurde.<\/p>\n<p>Ab 1522 begann f\u00fcr das Kloster und die Karmeliterm\u00f6nche eine bewegte Geschichte. Als Ritter Phillip II. stirbt, war er der letzte Angeh\u00f6rige des katholischen Glaubens.\u00a0 Seine Br\u00fcder Hans und Engelhardt III. von Hirschhorn f\u00fchrten in Hirschhorn und in den ihnen unterstellten Orten die Reformation ein. Zwischen 1522 und 1529 beriefen sie einen protestantischen Pfarrer an die Kirche. Im Jahr 1530 nahm Kaiser Karl V. den Orden\u00a0 der Karmeliter unter seinen besonderen Schutz.<\/p>\n<p>Obwohl der Besitz dem Orden zugesprochen wurde, demonstrierten die Herren von Hirschhorn immer wieder ihren Besitzanspruch. Hans IX. von Hirschhorn l\u00f6ste nach 1543 das Kloster auf, lie\u00df das Kloster durchsuchen und beschlagnahmt alle beweglichen G\u00fcter.<\/p>\n<p>Nach dem Sieg Karls V. \u00fcber die protestantischen F\u00fcrsten schwindet deren Einfluss und es kommt zu einem allgemeinen Konzil. Hans IX. schlie\u00dft einen Vertrag mit dem Provinzial der Karmeliter, das Kloster wird von beiden Konfessionen genutzt. Das Jahr 1548 gilt als das Jahr des legalisierten Einzugs der Protestanten in die Klosterkirche. Fortan wird sie als Pfarrkirche genutzt und l\u00f6st die Kirche in Ersheim in dieser Funktion ab.<\/p>\n<p>In den Folgejahren kommt es zu einem Kr\u00e4ftemessen zwischen Hans IX. und dem Kaiser. Statt das Kloster auf Gehei\u00df des Kaisers herauszugeben, bekr\u00e4ftigte Hans IX. seinen Besitzanspruch. Das Kloster wurde Sitz seiner Witwe Anna, geb. G\u00f6ler von Ravensburg. Sie lie\u00df 1583 in die Annakapelle eine Familiengruft einbauen. Das \u00fcbrigens erkl\u00e4rt die Stufen, die man heute noch zur Annakapelle hochsteigt.<\/p>\n<p>Nach dem Sieg der kaiserlichen Truppen \u00fcber die des Kurf\u00fcrsten Friedrich V. und zugleich Anf\u00fchrer der protestantischen Union war auch die Position der Hirschhorner Ritter geschw\u00e4cht. In 1629 musste Friedrich III. das Kloster und die Klosterkirche schlie\u00dflich dem Karmeliterorden zur\u00fcckgeben.\u00a0 Als Hirschhorn 1632 an Kurmainz zur\u00fcckfiel, wurde von da aus die Restitution der Anlage\u00a0 vorangetrieben.<\/p>\n<p>1632 stirbt Ritter Friedrich als der letzte Ritter von Hirschhorn und der Kurf\u00fcrst von Mainz \u00fcbernimmt das Lehen und die Karmliterm\u00f6nche kehren in das Kloster zur\u00fcck.<\/p>\n<p>Von 1636 bis 1732 diente die Klosterkirche als katholische Pfarrkirche der Stadt Hirschhorn. In 1689 wurde ein neuer Hochaltar errichtet, der etwa 100 Jahre sp\u00e4ter durch\u00a0 einen barocken Hochaltar des Heidelberger Bildhauers Johann Michael D\u00fcchert ersetzt wurde.<\/p>\n<p>Nachdem Hirschhorn in den Besitz des protestant- ischen Landgrafen von Hessen-Darmstadt gelangte, wurde 1803 wurde das Karmelitenkloster erneut aufgel\u00f6st, die Kirche wurde geschlossen und man erwog sogar ihren Abriss. Die Rettung kam, als 1812 Gro\u00dfherzog Ludwig I. die Kirche der Stadt Hirschhorn schenkte. Die Hirschhorner beschlossen, die Kirche zu erhalten und zu renovieren.<\/p>\n<p>In 1886 machte man die notd\u00fcrftig instand gesetzte Kirche der katholischen Kirchengemeinde zum Geschenk und im Anschluss wurde endlich eine umfassende Renovierung in die Wege geleitet.<\/p>\n<p>Die historischen Wandgem\u00e4lde wurden 1912 etwas aufgefrischt. 1969\/70 wurden Teile der Decke\u00a0 renoviert und mehr an den urspr\u00fcnglichen Bauzustand angepasst. Von 1998 an fand eine abermalige Renovierung statt.<\/p>\n<p>Seit 1996 engagiert sich der F\u00f6rderverein Klosterkirche e. V. f\u00fcr ihren kunsthistorischen Erhalt.<\/p>\n<p>Seit 2009 leben wieder Karmeliterm\u00f6nche im Kloster.<\/p>\n<p>Viel Beachtung finden die seit einigen Jahren regelm\u00e4\u00dfig stattfindenden Klosterkonzerte, &#8222;<a href=\"https:\/\/klosterkirche-hirschhorn.de\/sample-page\/\">AusKlang-Konzerte<\/a>&#8220; und &#8222;<a href=\"https:\/\/klosterkirche-hirschhorn.de\/karmel-abend\/\">Karmelabende<\/a>&#8222;.<\/p>\n<p>Weitere Infos finden Sie unter <br \/><a href=\"https:\/\/dewiki.de\/Lexikon\/Karmeliter-Klosterkirche_Mari%C3%A4_Verk%C3%BCndigung_(Hirschhorn)\" target=\"_blank\" rel=\"noopener\">https:\/\/dewiki.de<\/a><\/p>\n<p><a href=\"https:\/\/de.wikipedia.org\/wiki\/Karmeliter-Klosterkirche_Mari%C3%A4_Verk%C3%BCndigung_(Hirschhorn)\" target=\"_blank\" rel=\"noopener\">https:\/\/de.wikipedia.org<\/a><\/p>\n<\/div>\n<\/div>\n","protected":false},"excerpt":{"rendered":"<p>Wie Kirche und Kloster die Geschichte \u00fcberlebten Die Klosterkirche Hirschhorn ist ein echtes kunsthistorisches, sp\u00e4tgotisches Kleinod im Neckartal mit Sitz direkt unterhalb der Burg Hirschhorn. Gestiftet wurden die Kirche und &hellip; <a href=\"https:\/\/klosterkirche-hirschhorn.de\/?page_id=17\" class=\"more-link\"><span class=\"screen-reader-text\">Klosterkirche Hirschhorn \u2013 seit 1406<\/span> weiterlesen<\/a><\/p>\n","protected":false},"author":1,"featured_media":0,"parent":0,"menu_order":0,"comment_status":"closed","ping_status":"closed","template":"","meta":{"_EventAllDay":false,"_EventTimezone":"","_EventStartDate":"","_EventEndDate":"","_EventStartDateUTC":"","_EventEndDateUTC":"","_EventShowMap":false,"_EventShowMapLink":false,"_EventURL":"","_EventCost":"","_EventCostDescription":"","_EventCurrencySymbol":"","_EventCurrencyCode":"","_EventCurrencyPosition":"","_EventDateTimeSeparator":"","_EventTimeRangeSeparator":"","_EventOrganizerID":[],"_EventVenueID":[],"_OrganizerEmail":"","_OrganizerPhone":"","_OrganizerWebsite":"","_VenueAddress":"","_VenueCity":"","_VenueCountry":"","_VenueProvince":"","_VenueState":"","_VenueZip":"","_VenuePhone":"","_VenueURL":"","_VenueStateProvince":"","_VenueLat":"","_VenueLng":"","_VenueShowMap":false,"_VenueShowMapLink":false,"footnotes":""},"class_list":["post-17","page","type-page","status-publish","hentry"],"amp_enabled":true,"_links":{"self":[{"href":"https:\/\/klosterkirche-hirschhorn.de\/index.php?rest_route=\/wp\/v2\/pages\/17","targetHints":{"allow":["GET"]}}],"collection":[{"href":"https:\/\/klosterkirche-hirschhorn.de\/index.php?rest_route=\/wp\/v2\/pages"}],"about":[{"href":"https:\/\/klosterkirche-hirschhorn.de\/index.php?rest_route=\/wp\/v2\/types\/page"}],"author":[{"embeddable":true,"href":"https:\/\/klosterkirche-hirschhorn.de\/index.php?rest_route=\/wp\/v2\/users\/1"}],"replies":[{"embeddable":true,"href":"https:\/\/klosterkirche-hirschhorn.de\/index.php?rest_route=%2Fwp%2Fv2%2Fcomments&post=17"}],"version-history":[{"count":0,"href":"https:\/\/klosterkirche-hirschhorn.de\/index.php?rest_route=\/wp\/v2\/pages\/17\/revisions"}],"wp:attachment":[{"href":"https:\/\/klosterkirche-hirschhorn.de\/index.php?rest_route=%2Fwp%2Fv2%2Fmedia&parent=17"}],"curies":[{"name":"wp","href":"https:\/\/api.w.org\/{rel}","templated":true}]}}