{"id":21,"date":"2022-02-10T18:36:50","date_gmt":"2022-02-10T18:36:50","guid":{"rendered":"http:\/\/klosterkirche-hirschhorn.de\/?page_id=21"},"modified":"2023-03-21T08:05:22","modified_gmt":"2023-03-21T08:05:22","slug":"foerderverein","status":"publish","type":"page","link":"https:\/\/klosterkirche-hirschhorn.de\/?page_id=21","title":{"rendered":"F\u00f6rderverein"},"content":{"rendered":"<div id=\"fix1\">\n<div id=\"fix2\">\n<div id=\"middle\">\n<div id=\"content\">\n<p>Der F\u00f6rderverein Klosterkirche e. V. ist eine engagierte Gemeinschaft, die sich f\u00fcr den Erhalt und die erforderliche Restaurierung der katholischen Kirchen in Hirschhorn einsetzt: Die Ersheimer Kapelle, als einesder \u00e4ltesten Kirchengeb\u00e4uden im Neckartal, die Pfarrkirche Hirschhorn und die historisch bedeutsame Klosterkiche Hirschhorn mit dem Karmeliterkloster.<\/p>\n<p>Einst, genauer in 1991 als Orgelbauverein gegr\u00fcndet, war das prim\u00e4re Ziel die Anschaffung einer neuen Orgel f\u00fcr die Pfarrkirche Maria Immaculata (Marktkirche) sowie die Instandhaltung der beiden Orgeln in der Ersheimer Kirche und der Klosterkirche Hirschhorn.<\/p>\n<p><img loading=\"lazy\" decoding=\"async\" class=\"attachment-post-thumbnail size-post-thumbnail wp-post-image\" src=\"https:\/\/www.orgelsite.nl\/wp-content\/uploads\/2020\/10\/Klosterkirche-Hirschhorn-scaled-e1603038299381-1200x832.jpg\" sizes=\"auto, (max-width: 709px) 85vw, (max-width: 909px) 67vw, (max-width: 984px) 60vw, (max-width: 1362px) 62vw, 840px\" srcset=\"https:\/\/www.orgelsite.nl\/wp-content\/uploads\/2020\/10\/Klosterkirche-Hirschhorn-scaled-e1603038299381-1200x832.jpg 1200w, https:\/\/www.orgelsite.nl\/wp-content\/uploads\/2020\/10\/Klosterkirche-Hirschhorn-scaled-e1603038299381-300x208.jpg 300w, https:\/\/www.orgelsite.nl\/wp-content\/uploads\/2020\/10\/Klosterkirche-Hirschhorn-scaled-e1603038299381-1024x710.jpg 1024w, https:\/\/www.orgelsite.nl\/wp-content\/uploads\/2020\/10\/Klosterkirche-Hirschhorn-scaled-e1603038299381-768x532.jpg 768w, https:\/\/www.orgelsite.nl\/wp-content\/uploads\/2020\/10\/Klosterkirche-Hirschhorn-scaled-e1603038299381-1536x1065.jpg 1536w, https:\/\/www.orgelsite.nl\/wp-content\/uploads\/2020\/10\/Klosterkirche-Hirschhorn-scaled-e1603038299381.jpg 1920w\" alt=\"\" width=\"1200\" height=\"832\" \/><\/p>\n<p>Die neue Orgel in der Marktkirche sollte immerhin 465.000 DM kosten, eine Summe die mit vielf\u00e4ltigen Aktivit\u00e4ten des Orgelvereins, der gro\u00dfen Spendenbreitschaft der Bev\u00f6lkerung und schlie\u00dflich mit Unterst\u00fctzung des Katholischen Pfarramts aufgebracht werden konnte. Das eindrucksvolle Instrument wurde 1995 im historischen Prospekt von 1732 eingebaut und erhielt eine barocke Intonation mit 35 klingenden Registern. Ein Meilenstein in der j\u00fcngeren Kirchengeschichte Hirschhorns.<\/p>\n<h4>Aus Orgelbauverein wird F\u00f6rderverein Klosterkirche<\/h4>\n<div class=\"template-page template-page-effect\">\n<div class=\"row\">\n<div class=\"col-xs-12 col-sm-12 col-md-12\">\n<p class=\"tiny_p\">1996 wurde der F\u00f6rderzweck des Vereins offiziell erweitert und der Orgelbauverein wurde in den F\u00f6rderverein Klosterkirche Hirschhorn \u00fcberf\u00fchrt. Im Hinblick auf das Jubil\u00e4um 600 Jahre Kloster und Klosterkirche \u00fcbernahm Verein die gro\u00dfe Aufgabe, nicht nur die Orgel sondern auch die gesamte Klosteranlage zu restaurieren, zu renovieren und instand zusetzen. Die Mitgliederzahl hatte sich inzwischen auf 150 Mitglieder verdoppelt.<\/p>\n<h4>Vom F\u00f6rderverein zum Konzertveranstalter<\/h4>\n<p class=\"tiny_p\">Eine neue \u00c4ra begann im Jahr 2000, als der Verein auch als Konzertveranstalter in den Hirschhorner Kirchen \u2013 vorwiegend den katholischen Kirchen \u2013 auftrat.\u00a0 Die musikalische Leitung hat der ehemalige Kantor der Heilig-Geist-Kirche Heidelberg KMD P. Schumann. Aus der eindruckvollen Konzertreihe dieser \u00c4ra unvergesslich sind Bachs Weihnachtsoratorium (2000, 2008, 2009), H\u00e4ndels Messias (2003), Pergolesis Stabat Mater (2004) und Mozarts Requiem (2006). Zwischen 2000 und 2008 wurden insgesamt 33 Konzerte veranstaltet und die Einnahmen daraus kamen der Restauration der Klosterkirche zugute.<\/p>\n<p class=\"tiny_p\">Und diese Arbeiten waren dringend n\u00f6tig: Bis 2009 wurden in Eigenleistung des Vereins\u00a0 ca. 1450 Arbeitsstunden f\u00fcr die Innen-und Au\u00dfenrenovation der Kirche\u00a0 aufgebracht, bei der Neugestaltung des Klosterhofes leisteten freiwillige Helfer ca. 1.800 Stunden. Eine eindrucksvolle Leistung!<\/p>\n<h4 class=\"tiny_p\">600 Jahre Karmeliterkloster und -kirche<\/h4>\n<p class=\"tiny_p\">Ein Highlight war in 2006 das Jubil\u00e4umsjahr &#8222;600 Jahre Klosterkirche Hirschhorn&#8220;, das mit zahlreichen Veranstaltungen, Festgottesdiensten, Konzerten, Vortr\u00e4gen und Ausstellungen gefeiert wurde. Ein Ereignis, das weit \u00fcber die Region hinaus Beachtung fand.<\/p>\n<p>Seit einigen Jahren finden j\u00e4hrlich regelm\u00e4\u00dfig zwei Konzertreihen statt: AusKlang-Konzerte in der Klosterkirche im Sommer und KarmelAbende im Kapitelsaal des Klosters \u00fcber Winter. Auch die Eink\u00fcnfte aus diesen Konzerten dienen einzig dem Erhalt und der Restaurierung der kirchlichen kunsthistorischen Sch\u00e4tze.<\/p>\n<p><img loading=\"lazy\" decoding=\"async\" class=\"alignnone  wp-image-78\" src=\"http:\/\/klosterkirche-hirschhorn.de\/wp-content\/uploads\/2022\/02\/IMG_3781-300x225.jpg\" alt=\"\" width=\"329\" height=\"247\" srcset=\"https:\/\/klosterkirche-hirschhorn.de\/wp-content\/uploads\/2022\/02\/IMG_3781-300x225.jpg 300w, https:\/\/klosterkirche-hirschhorn.de\/wp-content\/uploads\/2022\/02\/IMG_3781-1024x768.jpg 1024w, https:\/\/klosterkirche-hirschhorn.de\/wp-content\/uploads\/2022\/02\/IMG_3781-768x576.jpg 768w, https:\/\/klosterkirche-hirschhorn.de\/wp-content\/uploads\/2022\/02\/IMG_3781-1536x1152.jpg 1536w, https:\/\/klosterkirche-hirschhorn.de\/wp-content\/uploads\/2022\/02\/IMG_3781-2048x1536.jpg 2048w\" sizes=\"auto, (max-width: 329px) 100vw, 329px\" \/><\/p>\n<\/div>\n<p>Dass sich dieser Aufwand lohnt, das belegt das j\u00fcngste Beispiel: Die fachgerechte und aufwendige Restaurierung der \u00d6lberggruppe aus 1520 an der Ersheimer Kirche. Der F\u00f6rderverein Klosterkirche unterst\u00fctzte diese Arbeit mit 10.000 Euro \u2013 allesamt Spenden, die der Verein gesammelt hatte.<\/p>\n<\/div>\n<p>Ach so: Den Vorsitz des Vereins hat Paul Kessler , seine Stellvertreterin ist Ilona D\u00f6rr. Sie arbeiten mit mit einem sehr engagierten und aktiven Team begeisterter Mitstreiter.<\/p>\n<\/div>\n<div class=\"cleaner\">\u00a0<\/div>\n<\/div>\n<\/div>\n<\/div>\n<\/div>\n\n\n<p><\/p>\n","protected":false},"excerpt":{"rendered":"<p>Der F\u00f6rderverein Klosterkirche e. V. ist eine engagierte Gemeinschaft, die sich f\u00fcr den Erhalt und die erforderliche Restaurierung der katholischen Kirchen in Hirschhorn einsetzt: Die Ersheimer Kapelle, als einesder \u00e4ltesten &hellip; <a href=\"https:\/\/klosterkirche-hirschhorn.de\/?page_id=21\" class=\"more-link\"><span class=\"screen-reader-text\">F\u00f6rderverein<\/span> weiterlesen<\/a><\/p>\n","protected":false},"author":1,"featured_media":0,"parent":0,"menu_order":0,"comment_status":"closed","ping_status":"closed","template":"","meta":{"_EventAllDay":false,"_EventTimezone":"","_EventStartDate":"","_EventEndDate":"","_EventStartDateUTC":"","_EventEndDateUTC":"","_EventShowMap":false,"_EventShowMapLink":false,"_EventURL":"","_EventCost":"","_EventCostDescription":"","_EventCurrencySymbol":"","_EventCurrencyCode":"","_EventCurrencyPosition":"","_EventDateTimeSeparator":"","_EventTimeRangeSeparator":"","_EventOrganizerID":[],"_EventVenueID":[],"_OrganizerEmail":"","_OrganizerPhone":"","_OrganizerWebsite":"","_VenueAddress":"","_VenueCity":"","_VenueCountry":"","_VenueProvince":"","_VenueState":"","_VenueZip":"","_VenuePhone":"","_VenueURL":"","_VenueStateProvince":"","_VenueLat":"","_VenueLng":"","_VenueShowMap":false,"_VenueShowMapLink":false,"footnotes":""},"class_list":["post-21","page","type-page","status-publish","hentry"],"amp_enabled":true,"_links":{"self":[{"href":"https:\/\/klosterkirche-hirschhorn.de\/index.php?rest_route=\/wp\/v2\/pages\/21","targetHints":{"allow":["GET"]}}],"collection":[{"href":"https:\/\/klosterkirche-hirschhorn.de\/index.php?rest_route=\/wp\/v2\/pages"}],"about":[{"href":"https:\/\/klosterkirche-hirschhorn.de\/index.php?rest_route=\/wp\/v2\/types\/page"}],"author":[{"embeddable":true,"href":"https:\/\/klosterkirche-hirschhorn.de\/index.php?rest_route=\/wp\/v2\/users\/1"}],"replies":[{"embeddable":true,"href":"https:\/\/klosterkirche-hirschhorn.de\/index.php?rest_route=%2Fwp%2Fv2%2Fcomments&post=21"}],"version-history":[{"count":0,"href":"https:\/\/klosterkirche-hirschhorn.de\/index.php?rest_route=\/wp\/v2\/pages\/21\/revisions"}],"wp:attachment":[{"href":"https:\/\/klosterkirche-hirschhorn.de\/index.php?rest_route=%2Fwp%2Fv2%2Fmedia&parent=21"}],"curies":[{"name":"wp","href":"https:\/\/api.w.org\/{rel}","templated":true}]}}