{"id":212,"date":"2022-02-13T09:13:14","date_gmt":"2022-02-13T09:13:14","guid":{"rendered":"http:\/\/klosterkirche-hirschhorn.de\/?page_id=212"},"modified":"2022-02-13T10:04:31","modified_gmt":"2022-02-13T10:04:31","slug":"satzung","status":"publish","type":"page","link":"https:\/\/klosterkirche-hirschhorn.de\/?page_id=212","title":{"rendered":"Satzung"},"content":{"rendered":"\n<p class=\"has-large-font-size\">F\u00f6rderverein Klosterkirche<\/p>\n\n\n\n<p><\/p>\n\n\n\n<p><strong>\u00a7 1 Name, Sitz<\/strong><\/p>\n\n\n\n<div class=\"wp-block-group\"><div class=\"wp-block-group__inner-container is-layout-flow wp-block-group-is-layout-flow\">\n<ul class=\"wp-block-list\"><li>Er soll in das Vereinsregister eingetragen werden und f\u00fchrt danach<br>den Zusatz e. V.<\/li><\/ul>\n\n\n\n<ul class=\"wp-block-list\"><li>Der Sitz des Vereins ist<a> <\/a>Hirschhorn (Neckar)<br><br><\/li><\/ul>\n<\/div><\/div>\n\n\n\n<p><strong>\u00a7 2 Zweck<\/strong><\/p>\n\n\n\n<ol class=\"wp-block-list\" type=\"1\"><li>Der Verein verfolgt ausschlie\u00dflich und unmittelbar&nbsp; gemeinn\u00fctzige Zwecke im Sinne des Abschnitts \u201eSteuerbeg\u00fcnstigte Zwecke\u201c der Abgabenordnung (AO).<\/li><\/ol>\n\n\n\n<ul class=\"wp-block-list\"><li>a) Zweck des Vereins ist die F\u00f6rderung des Denkmalschutzes und der Denkmalpflege sowie die F\u00f6rderung von Kunst und Kultur(\u00a7 52 Absatz 2 AO).<\/li><\/ul>\n\n\n\n<p>b) Der Satzungszweck wird verwirklicht insbesondere durch die Unterst\u00fctzung der Instandhaltung und Renovierung der Klosterkirche und der Ersheimer Kapelle in Hirschhorn (Neckar) und der Durchf\u00fchrung von Konzerten in diesen Geb\u00e4uden <em>.<\/em><\/p>\n\n\n\n<ul class=\"wp-block-list\"><li>Der Verein ist selbstlos t\u00e4tig; er verfolgt nicht in erster Linie eigenwirtschaftliche Zwecke.<\/li><\/ul>\n\n\n\n<ul class=\"wp-block-list\"><li>Mittel des Vereins d\u00fcrfen nur f\u00fcr die satzungsm\u00e4\u00dfigen Zwecke verwendet werden. Die Mitglieder erhalten keine Zuwendungen aus Mitteln des Vereins.<\/li><\/ul>\n\n\n\n<ul class=\"wp-block-list\"><li>Es darf keine Person durch Ausgaben, die dem Zweck der K\u00f6rperschaft fremd sind, oder durch unverh\u00e4ltnism\u00e4\u00dfig hohe Verg\u00fctungen beg\u00fcnstigt werden.<\/li><\/ul>\n\n\n\n<p><strong>\u00a7 3 Mitgliedschaft<\/strong><\/p>\n\n\n\n<ol class=\"wp-block-list\" type=\"1\"><li>Mitglied des Vereins kann jede nat\u00fcrliche Person und juristische Person werden.<br>\u00dcber die Aufnahme entscheidet nach schriftlichem Antrag der Vorstand. Bei Minderj\u00e4hrigen ist der Aufnahmeantrag durch die gesetzlichen Vertreter zu stellen.<\/li><\/ol>\n\n\n\n<ul class=\"wp-block-list\"><li>Der Austritt aus dem Verein ist&nbsp; unter Einhaltung einer Frist von 4 Wochen zum Monatsende&nbsp; zul\u00e4ssig. Er muss schriftlich gegen\u00fcber dem Vorstand erkl\u00e4rt werden.<\/li><\/ul>\n\n\n\n<ul class=\"wp-block-list\"><li>Ein Mitglied kann aus dem Verein ausgeschlossen werden, wenn sein Verhalten in grober Weise gegen die Interessen des Vereins verst\u00f6\u00dft. \u00dcber den Ausschluss entscheidet die Mitgliederversammlung.<\/li><\/ul>\n\n\n\n<ul class=\"wp-block-list\"><li>Die Mitgliedschaft endet mit dem Tod des Mitglieds (bei juristischen Personen mit deren Erl\u00f6schen).<\/li><\/ul>\n\n\n\n<ul class=\"wp-block-list\"><li>Das ausgetretene oder ausgeschlossene Mitglied hat keinen Anspruch gegen\u00fcber dem Vereinsverm\u00f6gen.<\/li><\/ul>\n\n\n\n<ul class=\"wp-block-list\"><li>Die Mitglieder haben Mitgliedsbeitr\u00e4ge zu leisten.<br>Die H\u00f6he und F\u00e4lligkeit der Mitgliedsbeitr\u00e4ge wird durch die Mitgliederversammlung festgesetzt.<\/li><\/ul>\n\n\n\n<p><strong>\u00a7 4 Vorstand<\/strong><\/p>\n\n\n\n<ol class=\"wp-block-list\" type=\"1\"><li>Der Gesamtvorstand des Vereins besteht aus dem 1. Vorsitzenden, dem<br>2. Vorsitzenden, dem Kassierer und dem Schriftf\u00fchrer.<\/li><\/ol>\n\n\n\n<ul class=\"wp-block-list\"><li>Der vertretungsberechtigte Vorstand im Sinne des \u00a7 26 BGB besteht aus dem<br>1. Vorsitzenden und dem 2. Vorsitzenden. Sie vertreten den Verein gemeinsam.<\/li><\/ul>\n\n\n\n<ul class=\"wp-block-list\"><li>Der Vorstand wird von der Mitgliederversammlung auf die Dauer von zwei Jahren gew\u00e4hlt; jedes Vorstandsmitglied bleibt jedoch so lange im Amt bis eine Neuwahl erfolgt ist.<\/li><\/ul>\n\n\n\n<p>\u00a7 5 Mitgliederversammlung<\/p>\n\n\n\n<ol class=\"wp-block-list\" type=\"1\"><li>Die ordentliche Mitgliederversammlung findet einmal j\u00e4hrlich statt. Au\u00dferdem muss eine Mitgliederversammlung einberufen werden, wenn das Interesse des Vereins es erfordert oder wenn mindestens 1\/5 der Mitglieder die Einberufung schriftlich unter Angabe des Zwecks und der Gr\u00fcnde verlangt.<\/li><\/ol>\n\n\n\n<ul class=\"wp-block-list\"><li>Jede Mitgliederversammlung ist vom Vorstand schriftlich oder in Textform per<br>E-Mail unter Einhaltung einer Einladungsfrist von <a>z<\/a>wei Wochen und unter Angabe der Tagesordnung einzuberufen. Die Einladungsmodalit\u00e4ten sind auch erf\u00fcllt, wenn die Einladung mit der angegebenen Frist im Hirschhorner Stadtanzeiger ver\u00f6ffentlicht wird.<\/li><\/ul>\n\n\n\n<ul class=\"wp-block-list\"><li>Versammlungsleiter ist der 1. Vorsitzende und im Falle seiner Verhinderung der 2. Vorsitzende. Sollten beide nicht anwesend sein, wird ein Versammlungsleiter von der Mitgliederversammlung gew\u00e4hlt. Soweit der Schriftf\u00fchrer nicht anwesend ist, wird auch dieser von der Mitgliederversammlung bestimmt.<br><br><\/li><li>Jede ordnungsgem\u00e4\u00df einberufene Mitgliederversammlung ist ohne R\u00fccksicht auf die Zahl der erschienenen Mitglieder beschlussf\u00e4hig.<\/li><\/ul>\n\n\n\n<ul class=\"wp-block-list\"><li>Die Beschl\u00fcsse der Mitgliederversammlung werden mit einfacher Mehrheit der abgegebenen g\u00fcltigen Stimmen gefasst. Zur \u00c4nderung der Satzung und des Vereinszwecks ist jedoch eine Mehrheit von \u00be der abgegebenen g\u00fcltigen Stimmen erforderlich, mindestens jedoch von 20 % der Mitglieder des Vereins.<\/li><\/ul>\n\n\n\n<ul class=\"wp-block-list\"><li>\u00dcber die Beschl\u00fcsse der Mitgliederversammlung ist ein Protokoll aufzunehmen, das vom Versammlungsleiter und dem Schriftf\u00fchrer zu unterschreiben ist.<\/li><\/ul>\n\n\n\n<p>\u00a7 6 Aufl\u00f6sung, Anfall des Vereinsverm\u00f6gens<\/p>\n\n\n\n<ol class=\"wp-block-list\" type=\"1\"><li>Zur Aufl\u00f6sung des Vereins ist eine Mehrheit von 4\/5 der abgegebenen g\u00fcltigen Stimmen erforderlich, mindestens jedoch von 20 % der Mitglieder des Vereins.<\/li><\/ol>\n\n\n\n<ul class=\"wp-block-list\"><li>Bei Aufl\u00f6sung oder Aufhebung des Vereins oder bei Wegfall steuerbeg\u00fcnstigter Zwecke f\u00e4llt das Verm\u00f6gen des Vereins an die katholische Kirchengemeinde Neckartal, die es unmittelbar und ausschlie\u00dflich f\u00fcr gemeinn\u00fctzige, mildt\u00e4tige oder kirchliche Zwecke zu verwenden hat.<br><\/li><\/ul>\n\n\n\n<p>Hirschhorn, 02.07.2020<\/p>\n\n\n\n<p><\/p>\n\n\n\n<p><\/p>\n\n\n\n<p><\/p>\n\n\n\n<p><\/p>\n\n\n\n<p><\/p>\n","protected":false},"excerpt":{"rendered":"<p>F\u00f6rderverein Klosterkirche \u00a7 1 Name, Sitz Er soll in das Vereinsregister eingetragen werden und f\u00fchrt danachden Zusatz e. V. Der Sitz des Vereins ist Hirschhorn (Neckar) \u00a7 2 Zweck Der &hellip; <a href=\"https:\/\/klosterkirche-hirschhorn.de\/?page_id=212\" class=\"more-link\"><span class=\"screen-reader-text\">Satzung<\/span> weiterlesen<\/a><\/p>\n","protected":false},"author":1,"featured_media":0,"parent":21,"menu_order":1,"comment_status":"closed","ping_status":"closed","template":"","meta":{"_EventAllDay":false,"_EventTimezone":"","_EventStartDate":"","_EventEndDate":"","_EventStartDateUTC":"","_EventEndDateUTC":"","_EventShowMap":false,"_EventShowMapLink":false,"_EventURL":"","_EventCost":"","_EventCostDescription":"","_EventCurrencySymbol":"","_EventCurrencyCode":"","_EventCurrencyPosition":"","_EventDateTimeSeparator":"","_EventTimeRangeSeparator":"","_EventOrganizerID":[],"_EventVenueID":[],"_OrganizerEmail":"","_OrganizerPhone":"","_OrganizerWebsite":"","_VenueAddress":"","_VenueCity":"","_VenueCountry":"","_VenueProvince":"","_VenueState":"","_VenueZip":"","_VenuePhone":"","_VenueURL":"","_VenueStateProvince":"","_VenueLat":"","_VenueLng":"","_VenueShowMap":false,"_VenueShowMapLink":false,"footnotes":""},"class_list":["post-212","page","type-page","status-publish","hentry"],"amp_enabled":true,"_links":{"self":[{"href":"https:\/\/klosterkirche-hirschhorn.de\/index.php?rest_route=\/wp\/v2\/pages\/212","targetHints":{"allow":["GET"]}}],"collection":[{"href":"https:\/\/klosterkirche-hirschhorn.de\/index.php?rest_route=\/wp\/v2\/pages"}],"about":[{"href":"https:\/\/klosterkirche-hirschhorn.de\/index.php?rest_route=\/wp\/v2\/types\/page"}],"author":[{"embeddable":true,"href":"https:\/\/klosterkirche-hirschhorn.de\/index.php?rest_route=\/wp\/v2\/users\/1"}],"replies":[{"embeddable":true,"href":"https:\/\/klosterkirche-hirschhorn.de\/index.php?rest_route=%2Fwp%2Fv2%2Fcomments&post=212"}],"version-history":[{"count":0,"href":"https:\/\/klosterkirche-hirschhorn.de\/index.php?rest_route=\/wp\/v2\/pages\/212\/revisions"}],"up":[{"embeddable":true,"href":"https:\/\/klosterkirche-hirschhorn.de\/index.php?rest_route=\/wp\/v2\/pages\/21"}],"wp:attachment":[{"href":"https:\/\/klosterkirche-hirschhorn.de\/index.php?rest_route=%2Fwp%2Fv2%2Fmedia&parent=212"}],"curies":[{"name":"wp","href":"https:\/\/api.w.org\/{rel}","templated":true}]}}