{"id":215,"date":"2022-02-13T09:26:39","date_gmt":"2022-02-13T09:26:39","guid":{"rendered":"http:\/\/klosterkirche-hirschhorn.de\/?page_id=215"},"modified":"2022-02-28T08:44:56","modified_gmt":"2022-02-28T08:44:56","slug":"spenden","status":"publish","type":"page","link":"https:\/\/klosterkirche-hirschhorn.de\/?page_id=215","title":{"rendered":"Spenden"},"content":{"rendered":"\n<p>Jeder Betrag ist willkommen!<br><br>Der F\u00f6rderverein Klosterkirche sammelt Geld f\u00fcr den Erhalt und die Restaurierung der katholischen Kirchen in Hirschhorn und ihre Einrichtungen. <\/p>\n\n\n\n<p><strong>Bitte spenden auch Sie!<\/strong><\/p>\n\n\n\n<p>Spenden an den F\u00f6rderverein Klosterkirche e. V. k\u00f6nnen steuerlich geltend gemacht werden. Selbstverst\u00e4ndlich erhalten Sie eine Spendenquittung \u00fcber den gespendeten Betrag.<\/p>\n\n\n\n<p>Unsere Spendenkonten:<\/p>\n\n\n\n<p class=\"has-text-align-left has-medium-font-size\">\u2000DE83 672 917 0000 3146 6300 (Volksbank Neckartal)<br>\u2000DE64 5095 1469 0016 0390 34 (Sparkasse Starkenburg)<\/p>\n\n\n\n<p><strong>Wir sagen schon jetzt herzlich DANKE!<\/strong><\/p>\n\n\n\n<p><\/p>\n","protected":false},"excerpt":{"rendered":"<p>Jeder Betrag ist willkommen! Der F\u00f6rderverein Klosterkirche sammelt Geld f\u00fcr den Erhalt und die Restaurierung der katholischen Kirchen in Hirschhorn und ihre Einrichtungen. Bitte spenden auch Sie! Spenden an den &hellip; <a href=\"https:\/\/klosterkirche-hirschhorn.de\/?page_id=215\" class=\"more-link\"><span class=\"screen-reader-text\">Spenden<\/span> weiterlesen<\/a><\/p>\n","protected":false},"author":1,"featured_media":0,"parent":0,"menu_order":0,"comment_status":"closed","ping_status":"closed","template":"","meta":{"_EventAllDay":false,"_EventTimezone":"","_EventStartDate":"","_EventEndDate":"","_EventStartDateUTC":"","_EventEndDateUTC":"","_EventShowMap":false,"_EventShowMapLink":false,"_EventURL":"","_EventCost":"","_EventCostDescription":"","_EventCurrencySymbol":"","_EventCurrencyCode":"","_EventCurrencyPosition":"","_EventDateTimeSeparator":"","_EventTimeRangeSeparator":"","_EventOrganizerID":[],"_EventVenueID":[],"_OrganizerEmail":"","_OrganizerPhone":"","_OrganizerWebsite":"","_VenueAddress":"","_VenueCity":"","_VenueCountry":"","_VenueProvince":"","_VenueState":"","_VenueZip":"","_VenuePhone":"","_VenueURL":"","_VenueStateProvince":"","_VenueLat":"","_VenueLng":"","_VenueShowMap":false,"_VenueShowMapLink":false,"footnotes":""},"class_list":["post-215","page","type-page","status-publish","hentry"],"amp_enabled":true,"_links":{"self":[{"href":"https:\/\/klosterkirche-hirschhorn.de\/index.php?rest_route=\/wp\/v2\/pages\/215","targetHints":{"allow":["GET"]}}],"collection":[{"href":"https:\/\/klosterkirche-hirschhorn.de\/index.php?rest_route=\/wp\/v2\/pages"}],"about":[{"href":"https:\/\/klosterkirche-hirschhorn.de\/index.php?rest_route=\/wp\/v2\/types\/page"}],"author":[{"embeddable":true,"href":"https:\/\/klosterkirche-hirschhorn.de\/index.php?rest_route=\/wp\/v2\/users\/1"}],"replies":[{"embeddable":true,"href":"https:\/\/klosterkirche-hirschhorn.de\/index.php?rest_route=%2Fwp%2Fv2%2Fcomments&post=215"}],"version-history":[{"count":0,"href":"https:\/\/klosterkirche-hirschhorn.de\/index.php?rest_route=\/wp\/v2\/pages\/215\/revisions"}],"wp:attachment":[{"href":"https:\/\/klosterkirche-hirschhorn.de\/index.php?rest_route=%2Fwp%2Fv2%2Fmedia&parent=215"}],"curies":[{"name":"wp","href":"https:\/\/api.w.org\/{rel}","templated":true}]}}