{"id":218,"date":"2022-02-13T09:35:26","date_gmt":"2022-02-13T09:35:26","guid":{"rendered":"http:\/\/klosterkirche-hirschhorn.de\/?page_id=218"},"modified":"2023-04-26T16:22:04","modified_gmt":"2023-04-26T16:22:04","slug":"mitglied-werden","status":"publish","type":"page","link":"https:\/\/klosterkirche-hirschhorn.de\/?page_id=218","title":{"rendered":"Mitglied werden"},"content":{"rendered":"\n<p>Seit seiner Gr\u00fcndung gewinnt der F\u00f6rderverin stetig neue Mitglieder hinzu. Das freut uns nat\u00fcrlich und vor allem best\u00e4tigt es uns in unserem Engagement. <br><br>Gerade als gemeinn\u00fctziger Verein mit so vielschichtigen Aktivit\u00e4ten kann man nie genug Mitglieder haben. Machen auch Sie mit und unterst\u00fctzen Sie uns mit Ihrem Beitritt!<br><br>Wie Sie sich engagieren, bleibt ganz und gar Ihnen \u00fcberlassen: Ob Sie aktiv mitarbeiten oder einfach&#8220;nur &#8220; als Mitglied die Gemeinschaft st\u00e4rken wollen &#8230; <strong>Hauptsache, Sie sind dabei! <\/strong><\/p>\n\n\n\n<p>Einfach die Beitrittsunterlagen downloaden und online ausf\u00fcllen. Zum Unterschreiben ausdrucken und abschicken. Fertig. <br><strong>Wir freuen uns auf Sie!<\/strong><\/p>\n\n\n\n<div class=\"wp-block-buttons is-layout-flex wp-block-buttons-is-layout-flex\">\n<div class=\"wp-block-button has-custom-width wp-block-button__width-100 is-style-fill\"><a class=\"wp-block-button__link has-background wp-element-button\" href=\"https:\/\/klosterkirche-hirschhorn.de\/wp-content\/uploads\/2023\/04\/Beitrittsformular.pdf\" style=\"border-radius:48px;background:radial-gradient(rgba(229,59,81,1) 0%,rgba(209,28,51,1) 100%)\" target=\"_blank\" rel=\"noreferrer noopener\">Download Beitrittsunterlagen<\/a><\/div>\n<\/div>\n","protected":false},"excerpt":{"rendered":"<p>Seit seiner Gr\u00fcndung gewinnt der F\u00f6rderverin stetig neue Mitglieder hinzu. Das freut uns nat\u00fcrlich und vor allem best\u00e4tigt es uns in unserem Engagement. Gerade als gemeinn\u00fctziger Verein mit so vielschichtigen &hellip; <a href=\"https:\/\/klosterkirche-hirschhorn.de\/?page_id=218\" class=\"more-link\"><span class=\"screen-reader-text\">Mitglied werden<\/span> weiterlesen<\/a><\/p>\n","protected":false},"author":1,"featured_media":0,"parent":21,"menu_order":1,"comment_status":"closed","ping_status":"closed","template":"","meta":{"_EventAllDay":false,"_EventTimezone":"","_EventStartDate":"","_EventEndDate":"","_EventStartDateUTC":"","_EventEndDateUTC":"","_EventShowMap":false,"_EventShowMapLink":false,"_EventURL":"","_EventCost":"","_EventCostDescription":"","_EventCurrencySymbol":"","_EventCurrencyCode":"","_EventCurrencyPosition":"","_EventDateTimeSeparator":"","_EventTimeRangeSeparator":"","_EventOrganizerID":[],"_EventVenueID":[],"_OrganizerEmail":"","_OrganizerPhone":"","_OrganizerWebsite":"","_VenueAddress":"","_VenueCity":"","_VenueCountry":"","_VenueProvince":"","_VenueState":"","_VenueZip":"","_VenuePhone":"","_VenueURL":"","_VenueStateProvince":"","_VenueLat":"","_VenueLng":"","_VenueShowMap":false,"_VenueShowMapLink":false,"footnotes":""},"class_list":["post-218","page","type-page","status-publish","hentry"],"amp_enabled":true,"_links":{"self":[{"href":"https:\/\/klosterkirche-hirschhorn.de\/index.php?rest_route=\/wp\/v2\/pages\/218","targetHints":{"allow":["GET"]}}],"collection":[{"href":"https:\/\/klosterkirche-hirschhorn.de\/index.php?rest_route=\/wp\/v2\/pages"}],"about":[{"href":"https:\/\/klosterkirche-hirschhorn.de\/index.php?rest_route=\/wp\/v2\/types\/page"}],"author":[{"embeddable":true,"href":"https:\/\/klosterkirche-hirschhorn.de\/index.php?rest_route=\/wp\/v2\/users\/1"}],"replies":[{"embeddable":true,"href":"https:\/\/klosterkirche-hirschhorn.de\/index.php?rest_route=%2Fwp%2Fv2%2Fcomments&post=218"}],"version-history":[{"count":0,"href":"https:\/\/klosterkirche-hirschhorn.de\/index.php?rest_route=\/wp\/v2\/pages\/218\/revisions"}],"up":[{"embeddable":true,"href":"https:\/\/klosterkirche-hirschhorn.de\/index.php?rest_route=\/wp\/v2\/pages\/21"}],"wp:attachment":[{"href":"https:\/\/klosterkirche-hirschhorn.de\/index.php?rest_route=%2Fwp%2Fv2%2Fmedia&parent=218"}],"curies":[{"name":"wp","href":"https:\/\/api.w.org\/{rel}","templated":true}]}}