{"id":221,"date":"2022-02-13T09:46:02","date_gmt":"2022-02-13T09:46:02","guid":{"rendered":"http:\/\/klosterkirche-hirschhorn.de\/?page_id=221"},"modified":"2025-04-23T18:32:46","modified_gmt":"2025-04-23T18:32:46","slug":"impressum","status":"publish","type":"page","link":"https:\/\/klosterkirche-hirschhorn.de\/?page_id=221","title":{"rendered":"Impressum"},"content":{"rendered":"\n<h4 class=\"wp-block-heading\" id=\"verantwortlich\"><strong>Verantwortlich<\/strong><\/h4>\n\n\n<div class=\"wp-block-image\">\n<figure class=\"alignright size-full\"><img loading=\"lazy\" decoding=\"async\" width=\"200\" height=\"200\" src=\"https:\/\/klosterkirche-hirschhorn.de\/wp-content\/uploads\/2022\/10\/paul-passfoto-2012-edited-e1666450730848.jpg\" alt=\"\" class=\"wp-image-630\" srcset=\"https:\/\/klosterkirche-hirschhorn.de\/wp-content\/uploads\/2022\/10\/paul-passfoto-2012-edited-e1666450730848.jpg 200w, https:\/\/klosterkirche-hirschhorn.de\/wp-content\/uploads\/2022\/10\/paul-passfoto-2012-edited-e1666450730848-150x150.jpg 150w\" sizes=\"auto, (max-width: 200px) 100vw, 200px\" \/><\/figure>\n<\/div>\n\n\n<p><strong>F\u00f6rderverein Klosterkirche Hirschhorn\/Neckar<\/strong><br>Paul Kessler (1. Vorsitzender)<br>Am Schl\u00f6ssel 7A<br>69434 Hirschhorn<br><br>Telefon: &nbsp;<img decoding=\"async\" src=\"http:\/\/fotos.verwaltungsportal.de\/mandate\/icons\/telefon.gif\" alt=\"Telefon\"> 06272 889<br>E-Mail: &nbsp;<img decoding=\"async\" src=\"http:\/\/daten.verwaltungsportal.de\/fotos\/mandate\/icons\/email.gif\" alt=\"E-Mail\"> <a href=\"mailto:paulkessler@gmx.de\">paulkessler(at)gmx.de<\/a><br><\/p>\n\n\n\n<p class=\"has-medium-font-size\"><strong>Quellenangaben: <\/strong><\/p>\n\n\n\n<p class=\"has-medium-font-size\"><strong>Fotos <\/strong><\/p>\n\n\n\n<p><\/p>\n\n\n\n<p>Katholische Pfarrgemeinde Hirschhorn, alltagserinnerungen.de, naturmotive.com, Sarah Schmidt, Alfons Flachs, Stefan Pahl, Wikimedia.de, Katholische Pfarrgemeinde Hirschhorn<\/p>\n\n\n\n<p>Wir danken allen Bildgebern f\u00fcr ihre gro\u00dfz\u00fcgige Bereitstellung der Fotografien.<\/p>\n\n\n\n<p class=\"has-medium-font-size\"><strong>Konzept und Texte <\/strong><\/p>\n\n\n\n<p>Aloisia Sauer, www.aloisiasauer.de mit Unterst\u00fctzung von <br>Mike M\u00fcller, www.ceol.studio<br><br>Inhaltlich berufen wir uns auf die Schriften von Dr. Ulrich Spiegelberg und andere Quellen (z. B. Wikipedia).<\/p>\n\n\n\n<p>Erstellt: Februar 2022<\/p>\n\n\n\n<p class=\"has-medium-font-size\"><strong>Disclaimer<\/strong><\/p>\n\n\n\n<p>1. Inhalt des Online-Angebotes<br>a) Der Verfasser und Inhaber dieser Homepage (nachfolgend Inhaber genannt) \u00fcbernimmt keinerlei Gew\u00e4hr f\u00fcr die Aktualit\u00e4t, Korrektheit, Vollst\u00e4ndigkeit oder Qualit\u00e4t der bereitgestellten Informationen.<br>b) Die Links und Informationen dieser Homepage werden nur zum Informationsaustausch bereitgestellt und begr\u00fcnden keine gesch\u00e4ftlichen oder beruflichen Beziehungen irgendwelcher Art. Sie sind nicht als Rechts- oder Steuerberatungsleistungen zu verstehen, sondern dienen rein informativen Zwecken. Vor gesch\u00e4ftlichen Entscheidungen setzen Sie sich bitte mit Ihrem Steuerberater oder Rechtsanwalt in Verbindung.<br>c) Haftungsanspr\u00fcche gegen den Inhaber, die sich auf Sch\u00e4den materieller oder ideeller Art beziehen, welche durch die Nutzung oder Nichtnutzung der dargebotenen Informationen bzw. durch die Nutzung fehlerhafter und unvollst\u00e4ndiger Informationen verursacht wurden sind grunds\u00e4tzlich ausgeschlossen. Es sei denn, dass seitens des Inhabers ein nachweislich vors\u00e4tzliches oder grob fahrl\u00e4ssiges Verschulden vorliegt.<br>d) Alle Angebote sind freibleibend und unverbindlich. Der Inhaber beh\u00e4lt es sich ausdr\u00fccklich vor, Teile der Seiten oder das gesamte Angebot ohne gesonderte Ank\u00fcndigung zu ver\u00e4ndern, zu erg\u00e4nzen, zu l\u00f6schen oder die Ver\u00f6ffentlichung zeitweise oder endg\u00fcltig einzustellen.<\/p>\n\n\n\n<p>2. Datenschutz<br>Bei jedem Zugriff auf das Internetangebot und bei jedem Abruf einer Datei werden Daten \u00fcber diesen Vorgang in einer Protokolldatei gespeichert und verarbeitet.<br>Im Einzelnen werden \u00fcber jeden Zugriff\/Abruf folgende Daten gespeichert:<\/p>\n\n\n\n<ul class=\"wp-block-list\">\n<li>Datum\/Uhrzeit<\/li>\n\n\n\n<li>besuchte Seite<\/li>\n\n\n\n<li>Beschreibung des Typs des verwendeten Webbrowsers<\/li>\n\n\n\n<li>verwendetes Betriebssystem<\/li>\n\n\n\n<li>IP-Adresse<\/li>\n\n\n\n<li>Suchbegriffe<\/li>\n<\/ul>\n\n\n\n<p>Die Daten werden ausschlie\u00dflich f\u00fcr statistische Zwecke verarbeitet und ausgewertet. Die gef\u00fchrte Zugriffsstatistik l\u00e4sst keine R\u00fcckschl\u00fcsse auf personenbezogene Daten zu.<br>Beim Aufruf einzelner Seiten werden sog. tempor\u00e4re Cookies verwendet, um die Navigation zu erleichtern. Diese Session-Cookies beinhalten keine personenbezogenen Daten und verfallen nach Ablauf der Sitzung. Java-Applets und Active-X-Controls werden nicht eingesetzt.<br>Wenn Sie uns \u00fcber das Kontaktformular erreichen, werden die von Ihnen angegebenen pers\u00f6nlichen Daten ausschlie\u00dflich zur Bearbeitung Ihres Anliegens bzw. Ihres Antrages verwendet. Die pers\u00f6nlichen Daten werden nicht in unseren elektronischen Datenbestand aufgenommen. Eine Weitergabe an Dritte erfolgt nicht. Beachten Sie bitte, dass die Daten\u00fcbermittlung \u00fcber das Kontaktformular unverschl\u00fcsselt erfolgt &#8211; wir k\u00f6nnen daher nicht ausschlie\u00dfen, dass die Daten w\u00e4hrend der elektronischen \u00dcbertragung an uns von Dritten gelesen oder ver\u00e4ndert werden k\u00f6nnen. F\u00fcr vertrauliche Nachrichten nutzen Sie bitte den herk\u00f6mmlichen Postweg.<\/p>\n\n\n\n<p>3. Verweise und Links<br>a) Verweise auf Fachbeitr\u00e4ge im Internet erfolgen rein aus nicht-wirtschaftlichen, informativen Gr\u00fcnden. Das Recht an den Fachbeitr\u00e4gen haben ausschlie\u00dflich die dort zitierten Personen. Ist ein Link aufgrund rechtlicher Beschr\u00e4nkung nicht rechtm\u00e4\u00dfig, oder von dem Inhaber der Web-Seite nicht erw\u00fcnscht, wird der Verweis umgehend auf Anzeige des Rechtsinhabers gel\u00f6scht.<br>Alle Links und Nennungen von Fachbeitr\u00e4gen, Personen, Kanzleien und anderen Daten auf dieser Homepage sind nicht als Wertung zu verstehen. Bei Fachbeitr\u00e4gen, Personen, Kanzleien und anderen Daten, die ebenfalls unter die dargestellten Rubriken geh\u00f6ren k\u00f6nnten, jedoch nicht erw\u00e4hnt werden, ist diese Nichtnennung nicht als Geringersch\u00e4tzung zu werten. Die Auswahl ist somit nicht als Wertung zu verstehen.<br>b) Sofern auf Verweisziele (&#8222;Links&#8220;) direkt oder indirekt verwiesen wird, die au\u00dferhalb des Verantwortungsbereiches des Inhabers liegen, haftet dieser lediglich dann, wenn er nachweislich von den Inhalten Kenntnis hat und es ihm technisch m\u00f6glich und zumutbar w\u00e4re, die Nutzung im Falle rechtswidriger Inhalte zu verhindern. F\u00fcr dar\u00fcber hinausgehende Inhalte und insbesondere f\u00fcr Sch\u00e4den, die aus der Nutzung oder Nichtnutzung solcherart dargebotener Informationen entstehen, haftet allein der Anbieter dieser Seiten, nicht derjenige, der \u00fcber Links auf die jeweilige Ver\u00f6ffentlichung lediglich verweist. Diese Einschr\u00e4nkung gilt gleicherma\u00dfen auch f\u00fcr Fremdeintr\u00e4ge in vom Inhaber eingerichteten G\u00e4steb\u00fcchern, Diskussionsforen und Mailinglisten etc. F\u00fcr den Inhalt fremder Seiten ist somit ausschlie\u00dflich der betreffende Autor selbst verantwortlich, da wir keinerlei Einfluss auf die Gestaltung und die Inhalte der von uns gelinkten Seiten haben. Daher distanzieren wir uns vorsorglich und ausdr\u00fccklich von den Inhalten fremder Seiten gem\u00e4\u00df der Entscheidung des Landgerichts Hamburg vom 12. Mai 1998.<\/p>\n\n\n\n<p>4. Netzwerk<br>Alle Portale auf Basis PortUNA.cms sind untereinander vernetzt. Daher werden Informationen auch anderen Portalen thematisch und regional zugeordnet. (Beispiel: Veranstaltungen einer Kommune werden auch auf einem landesweiten Portal dargestellt.) Nutzer, die sich auf diesem Portal anmelden, k\u00f6nnen sich auch auf anderen Portalen des Netzwerkes anmelden.<\/p>\n\n\n\n<p>5. Urheberrecht<br>a) Der Inhaber ist bestrebt, in allen Publikationen die Urheberrechte der verwendeten Grafiken, Sounds und Texte zu beachten, von ihm selbst erstellte Grafiken, Sounds und Texte zu nutzen oder auf lizenzfreie Grafiken, Sounds und Texte zur\u00fcckzugreifen. Sollte sich auf den jeweiligen Seiten dennoch eine ungekennzeichnete, aber durch fremdes Copyright gesch\u00fctzte Grafik, ein Sound oder Text befinden, so konnte das Urheberrecht vom Inhaber nicht festgestellt werden. Im Falle einer solchen unbeabsichtigten Copyrightverletzung wird der Inhaber das entsprechende Objekt nach Benachrichtigung aus seiner Publikation entfernen bzw. mit dem entsprechenden Copyright kenntlich machen.<br>b) Das Copyright f\u00fcr ver\u00f6ffentlichte, vom Inhaber selbst erstellte Objekte bleibt allein beim Inhaber der Seiten. Eine Vervielf\u00e4ltigung oder Verwendung solcher Grafiken, Sounds oder Texte in anderen elektronischen oder gedruckten Publikationen ist nur mit ausdr\u00fccklicher Zustimmung des Inhabers gestattet. Zuwiderhandlungen werden zivil- und strafrechtlich verfolgt.<\/p>\n\n\n\n<p>6. Rechtswirksamkeit dieses Haftungsausschlusses<br>Dieser Haftungsausschluss ist als Teil des Internetangebotes zu betrachten, von dem aus auf diese Seite verwiesen wurde. Sofern Teile oder einzelne Formulierungen dieses Textes der geltenden Rechtslage nicht, nicht mehr oder nicht vollst\u00e4ndig entsprechen sollten, bleiben die \u00fcbrigen Teile des Dokumentes in ihrem Inhalt und ihrer G\u00fcltigkeit davon nicht ber\u00fchrt.<\/p>\n\n\n\n<hr class=\"wp-block-separator has-css-opacity\"\/>\n\n\n\n<h4 class=\"wp-block-heading\" id=\"google-adsense-datenschutzhinweis\">Google Adsense Datenschutzhinweis<\/h4>\n\n\n\n<p>Soweit Google Adsense, einen Webanzeigendienst der Google Inc., USA (&#8222;Google&#8220;), auf dieser Website Werbung (Textanzeigen, Banner etc.) schaltet, speichert Ihr Browser eventuell ein von Google Inc. oder Dritten gesendetes Cookie. Die in dem Cookie gespeicherten Informationen k\u00f6nnen durch Google Inc. oder auch Dritte aufgezeichnet, gesammelt und ausgewertet werden. Dar\u00fcber hinaus verwendet Google Adsense zur Sammlung von Informationen auch sog. &#8222;WebBacons&#8220; (kleine unsichtbare Grafiken), durch deren Verwendung einfache Aktionen wie der Besucherverkehr auf der Webseite aufgezeichnet, gesammelt und ausgewertet werden k\u00f6nnen. Die durch den Cookie und\/oder Web Bacon erzeugten Informationen \u00fcber Ihre Nutzung dieser Website werden an einen Server von Google in den USA \u00fcbertragen und dort gespeichert. Google benutzt die so erhaltenen Informationen, um eine Auswertung Ihres Nutzungsverhaltens im Hinblick auf die AdSense-Anzeigen durchzuf\u00fchren. Google wird diese Informationen gegebenenfalls auch an Dritte \u00fcbertragen, sofern dies gesetzlich vorgeschrieben ist oder soweit Dritte diese Daten im Auftrag von Google verarbeiten. Ihre IP-Adresse wird von Google nicht mit anderen von Google gespeicherten Daten in Verbindung gebracht. Sie k\u00f6nnen das Speichern von Cookies auf Ihrer Festplatte und die Anzeige von Web Bacons verhindern. Dazu m\u00fcssen Sie in Ihren Browser-Einstellungen &#8222;keine Cookies akzeptieren&#8220; w\u00e4hlen (Im Internet-Explorer unter &#8222;Extras \/ Internetoptionen \/ Datenschutz \/ Einstellung&#8220;, bei Firefox unter &#8222;Extras \/ Einstellungen \/ Datenschutz \/ Cookies&#8220;).<\/p>\n","protected":false},"excerpt":{"rendered":"<p>Verantwortlich F\u00f6rderverein Klosterkirche Hirschhorn\/NeckarPaul Kessler (1. Vorsitzender)Am Schl\u00f6ssel 7A69434 Hirschhorn Telefon: &nbsp; 06272 889E-Mail: &nbsp; paulkessler(at)gmx.de Quellenangaben: Fotos Katholische Pfarrgemeinde Hirschhorn, alltagserinnerungen.de, naturmotive.com, Sarah Schmidt, Alfons Flachs, Stefan Pahl, Wikimedia.de, &hellip; <a href=\"https:\/\/klosterkirche-hirschhorn.de\/?page_id=221\" class=\"more-link\"><span class=\"screen-reader-text\">Impressum<\/span> weiterlesen<\/a><\/p>\n","protected":false},"author":1,"featured_media":0,"parent":2,"menu_order":0,"comment_status":"closed","ping_status":"closed","template":"","meta":{"_EventAllDay":false,"_EventTimezone":"","_EventStartDate":"","_EventEndDate":"","_EventStartDateUTC":"","_EventEndDateUTC":"","_EventShowMap":false,"_EventShowMapLink":false,"_EventURL":"","_EventCost":"","_EventCostDescription":"","_EventCurrencySymbol":"","_EventCurrencyCode":"","_EventCurrencyPosition":"","_EventDateTimeSeparator":"","_EventTimeRangeSeparator":"","_EventOrganizerID":[],"_EventVenueID":[],"_OrganizerEmail":"","_OrganizerPhone":"","_OrganizerWebsite":"","_VenueAddress":"","_VenueCity":"","_VenueCountry":"","_VenueProvince":"","_VenueState":"","_VenueZip":"","_VenuePhone":"","_VenueURL":"","_VenueStateProvince":"","_VenueLat":"","_VenueLng":"","_VenueShowMap":false,"_VenueShowMapLink":false,"footnotes":""},"class_list":["post-221","page","type-page","status-publish","hentry"],"amp_enabled":true,"_links":{"self":[{"href":"https:\/\/klosterkirche-hirschhorn.de\/index.php?rest_route=\/wp\/v2\/pages\/221","targetHints":{"allow":["GET"]}}],"collection":[{"href":"https:\/\/klosterkirche-hirschhorn.de\/index.php?rest_route=\/wp\/v2\/pages"}],"about":[{"href":"https:\/\/klosterkirche-hirschhorn.de\/index.php?rest_route=\/wp\/v2\/types\/page"}],"author":[{"embeddable":true,"href":"https:\/\/klosterkirche-hirschhorn.de\/index.php?rest_route=\/wp\/v2\/users\/1"}],"replies":[{"embeddable":true,"href":"https:\/\/klosterkirche-hirschhorn.de\/index.php?rest_route=%2Fwp%2Fv2%2Fcomments&post=221"}],"version-history":[{"count":0,"href":"https:\/\/klosterkirche-hirschhorn.de\/index.php?rest_route=\/wp\/v2\/pages\/221\/revisions"}],"up":[{"embeddable":true,"href":"https:\/\/klosterkirche-hirschhorn.de\/index.php?rest_route=\/wp\/v2\/pages\/2"}],"wp:attachment":[{"href":"https:\/\/klosterkirche-hirschhorn.de\/index.php?rest_route=%2Fwp%2Fv2%2Fmedia&parent=221"}],"curies":[{"name":"wp","href":"https:\/\/api.w.org\/{rel}","templated":true}]}}