{"id":750,"date":"2023-07-10T10:31:14","date_gmt":"2023-07-10T10:31:14","guid":{"rendered":"https:\/\/klosterkirche-hirschhorn.de\/?page_id=750"},"modified":"2023-07-10T10:49:16","modified_gmt":"2023-07-10T10:49:16","slug":"newsletter","status":"publish","type":"page","link":"https:\/\/klosterkirche-hirschhorn.de\/?page_id=750","title":{"rendered":"Newsletter"},"content":{"rendered":"\n<p>Sie m\u00f6chten immer auf dem Laufenden sein, schnell \u00fcber das Wichtigste informiert mit direktem Kontakt zu uns? Das gelingt mit unserem Newsletter. <\/p>\n\n\n\n<p>Damit erhalten Sie regelm\u00e4\u00dfig wichtige Informationen rund um unsere Konzerte: Bilder, Berichte und Ank\u00fcndigungen, aber auch Hintergrundinformationen wie beispielsweise zum Stand der Restaurierung etc.  Kurz, pr\u00e4gnant und zuverl\u00e4ssig. Lassen Sie sich das nicht entgehen und melden Sie sich gleich hier an: Stichwort Newsletter.<\/p>\n\n\n\n<div class=\"wp-block-buttons is-layout-flex wp-block-buttons-is-layout-flex\">\n<div class=\"wp-block-button has-custom-width wp-block-button__width-75\"><a class=\"wp-block-button__link has-text-align-center wp-element-button\" href=\"mailto: klosterkonzerte@gmx.de\">anmelden<\/a><\/div>\n<\/div>\n\n\n\n<p><\/p>\n\n\n\n<p>Zum Abmelden einfach hier klicken (Stichwort Abmelden):<\/p>\n\n\n\n<div class=\"wp-block-buttons is-layout-flex wp-block-buttons-is-layout-flex\">\n<div class=\"wp-block-button\"><a class=\"wp-block-button__link wp-element-button\"><kbd>abmelden<\/kbd><\/a><\/div>\n<\/div>\n","protected":false},"excerpt":{"rendered":"<p>Sie m\u00f6chten immer auf dem Laufenden sein, schnell \u00fcber das Wichtigste informiert mit direktem Kontakt zu uns? Das gelingt mit unserem Newsletter. Damit erhalten Sie regelm\u00e4\u00dfig wichtige Informationen rund um &hellip; <a href=\"https:\/\/klosterkirche-hirschhorn.de\/?page_id=750\" class=\"more-link\"><span class=\"screen-reader-text\">Newsletter<\/span> weiterlesen<\/a><\/p>\n","protected":false},"author":1,"featured_media":0,"parent":0,"menu_order":0,"comment_status":"closed","ping_status":"closed","template":"","meta":{"_EventAllDay":false,"_EventTimezone":"","_EventStartDate":"","_EventEndDate":"","_EventStartDateUTC":"","_EventEndDateUTC":"","_EventShowMap":false,"_EventShowMapLink":false,"_EventURL":"","_EventCost":"","_EventCostDescription":"","_EventCurrencySymbol":"","_EventCurrencyCode":"","_EventCurrencyPosition":"","_EventDateTimeSeparator":"","_EventTimeRangeSeparator":"","_EventOrganizerID":[],"_EventVenueID":[],"_OrganizerEmail":"","_OrganizerPhone":"","_OrganizerWebsite":"","_VenueAddress":"","_VenueCity":"","_VenueCountry":"","_VenueProvince":"","_VenueState":"","_VenueZip":"","_VenuePhone":"","_VenueURL":"","_VenueStateProvince":"","_VenueLat":"","_VenueLng":"","_VenueShowMap":false,"_VenueShowMapLink":false,"footnotes":""},"class_list":["post-750","page","type-page","status-publish","hentry"],"amp_enabled":true,"_links":{"self":[{"href":"https:\/\/klosterkirche-hirschhorn.de\/index.php?rest_route=\/wp\/v2\/pages\/750","targetHints":{"allow":["GET"]}}],"collection":[{"href":"https:\/\/klosterkirche-hirschhorn.de\/index.php?rest_route=\/wp\/v2\/pages"}],"about":[{"href":"https:\/\/klosterkirche-hirschhorn.de\/index.php?rest_route=\/wp\/v2\/types\/page"}],"author":[{"embeddable":true,"href":"https:\/\/klosterkirche-hirschhorn.de\/index.php?rest_route=\/wp\/v2\/users\/1"}],"replies":[{"embeddable":true,"href":"https:\/\/klosterkirche-hirschhorn.de\/index.php?rest_route=%2Fwp%2Fv2%2Fcomments&post=750"}],"version-history":[{"count":0,"href":"https:\/\/klosterkirche-hirschhorn.de\/index.php?rest_route=\/wp\/v2\/pages\/750\/revisions"}],"wp:attachment":[{"href":"https:\/\/klosterkirche-hirschhorn.de\/index.php?rest_route=%2Fwp%2Fv2%2Fmedia&parent=750"}],"curies":[{"name":"wp","href":"https:\/\/api.w.org\/{rel}","templated":true}]}}