{"id":811,"date":"2024-01-02T09:41:04","date_gmt":"2024-01-02T09:41:04","guid":{"rendered":"https:\/\/klosterkirche-hirschhorn.de\/?page_id=811"},"modified":"2024-01-02T09:48:10","modified_gmt":"2024-01-02T09:48:10","slug":"ersheimer-kapelle","status":"publish","type":"page","link":"https:\/\/klosterkirche-hirschhorn.de\/?page_id=811","title":{"rendered":"Ersheimer Kapelle"},"content":{"rendered":"\n<p>Der F\u00f6rderverein Klosterkirche e. V. setzt sich f\u00fcr den Erhalt und die Restaurierung kunsthistorischen Sch\u00e4tze auch rund um die Ersheimer Kapelle ein. Ein besonders sehenswertes Kleinod in Hirschhorn. <br>Wir laden Sie ein, an einer kurzen F\u00fchrung durch die Kapelle teilzunehmen: <\/p>\n\n\n\n<figure class=\"wp-block-embed is-type-video is-provider-vimeo wp-block-embed-vimeo\"><div class=\"wp-block-embed__wrapper\">\n<iframe loading=\"lazy\" title=\"Ersheimer Kapelle\" src=\"https:\/\/player.vimeo.com\/video\/899170116?dnt=1&amp;app_id=122963\" width=\"660\" height=\"372\" frameborder=\"0\" allow=\"autoplay; fullscreen; picture-in-picture; clipboard-write\"><\/iframe>\n<\/div><\/figure>\n","protected":false},"excerpt":{"rendered":"<p>Der F\u00f6rderverein Klosterkirche e. V. setzt sich f\u00fcr den Erhalt und die Restaurierung kunsthistorischen Sch\u00e4tze auch rund um die Ersheimer Kapelle ein. Ein besonders sehenswertes Kleinod in Hirschhorn. Wir laden &hellip; <a href=\"https:\/\/klosterkirche-hirschhorn.de\/?page_id=811\" class=\"more-link\"><span class=\"screen-reader-text\">Ersheimer Kapelle<\/span> weiterlesen<\/a><\/p>\n","protected":false},"author":1,"featured_media":0,"parent":0,"menu_order":0,"comment_status":"closed","ping_status":"closed","template":"","meta":{"_EventAllDay":false,"_EventTimezone":"","_EventStartDate":"","_EventEndDate":"","_EventStartDateUTC":"","_EventEndDateUTC":"","_EventShowMap":false,"_EventShowMapLink":false,"_EventURL":"","_EventCost":"","_EventCostDescription":"","_EventCurrencySymbol":"","_EventCurrencyCode":"","_EventCurrencyPosition":"","_EventDateTimeSeparator":"","_EventTimeRangeSeparator":"","_EventOrganizerID":[],"_EventVenueID":[],"_OrganizerEmail":"","_OrganizerPhone":"","_OrganizerWebsite":"","_VenueAddress":"","_VenueCity":"","_VenueCountry":"","_VenueProvince":"","_VenueState":"","_VenueZip":"","_VenuePhone":"","_VenueURL":"","_VenueStateProvince":"","_VenueLat":"","_VenueLng":"","_VenueShowMap":false,"_VenueShowMapLink":false,"footnotes":""},"class_list":["post-811","page","type-page","status-publish","hentry"],"amp_enabled":true,"_links":{"self":[{"href":"https:\/\/klosterkirche-hirschhorn.de\/index.php?rest_route=\/wp\/v2\/pages\/811","targetHints":{"allow":["GET"]}}],"collection":[{"href":"https:\/\/klosterkirche-hirschhorn.de\/index.php?rest_route=\/wp\/v2\/pages"}],"about":[{"href":"https:\/\/klosterkirche-hirschhorn.de\/index.php?rest_route=\/wp\/v2\/types\/page"}],"author":[{"embeddable":true,"href":"https:\/\/klosterkirche-hirschhorn.de\/index.php?rest_route=\/wp\/v2\/users\/1"}],"replies":[{"embeddable":true,"href":"https:\/\/klosterkirche-hirschhorn.de\/index.php?rest_route=%2Fwp%2Fv2%2Fcomments&post=811"}],"version-history":[{"count":0,"href":"https:\/\/klosterkirche-hirschhorn.de\/index.php?rest_route=\/wp\/v2\/pages\/811\/revisions"}],"wp:attachment":[{"href":"https:\/\/klosterkirche-hirschhorn.de\/index.php?rest_route=%2Fwp%2Fv2%2Fmedia&parent=811"}],"curies":[{"name":"wp","href":"https:\/\/api.w.org\/{rel}","templated":true}]}}